{"id":15231,"date":"2025-01-27T21:55:53","date_gmt":"2025-01-27T20:55:53","guid":{"rendered":"https:\/\/primeractoff.org\/?page_id=15231"},"modified":"2026-01-29T17:17:40","modified_gmt":"2026-01-29T16:17:40","slug":"paff-audiovisual","status":"publish","type":"page","link":"https:\/\/primeractoff.org\/en\/paff-audiovisual\/","title":{"rendered":"#PAFFaudiovisual"},"content":{"rendered":"<div data-elementor-type=\"wp-page\" data-elementor-id=\"15231\" class=\"elementor elementor-15231\">\n\t\t\t\t<div class=\"elementor-element elementor-element-96e370b e-con-full e-flex e-con e-parent\" data-id=\"96e370b\" data-element_type=\"container\" data-e-type=\"container\" data-settings=\"{&quot;wcf_enable_cursor_hover_effect_text&quot;:&quot;View&quot;,&quot;wcf-animation&quot;:&quot;none&quot;}\">\n\t\t<div class=\"elementor-element elementor-element-062a151 e-con-full e-flex e-con e-child\" data-id=\"062a151\" data-element_type=\"container\" data-e-type=\"container\" data-settings=\"{&quot;wcf_enable_cursor_hover_effect_text&quot;:&quot;View&quot;,&quot;wcf-animation&quot;:&quot;none&quot;}\">\n\t\t<div class=\"elementor-element elementor-element-0f716d3 e-con-full e-flex e-con e-child\" data-id=\"0f716d3\" data-element_type=\"container\" data-e-type=\"container\" data-settings=\"{&quot;wcf_enable_cursor_hover_effect_text&quot;:&quot;View&quot;,&quot;wcf-animation&quot;:&quot;none&quot;}\">\n\t\t\t\t<div class=\"elementor-element elementor-element-9d08ed2 wcf-t-animation-text_move elementor-widget elementor-widget-wcf--title\" data-id=\"9d08ed2\" data-element_type=\"widget\" data-e-type=\"widget\" data-settings=\"{&quot;wcf_text_animation&quot;:&quot;text_move&quot;,&quot;text_transform_origin&quot;:&quot;top center -50&quot;,&quot;text_delay&quot;:0.15,&quot;text_duration&quot;:1,&quot;text_stagger&quot;:0.02,&quot;text_on_scroll&quot;:&quot;yes&quot;,&quot;text_rotation_di&quot;:&quot;x&quot;,&quot;text_rotation&quot;:&quot;-80&quot;,&quot;wcf-animation&quot;:&quot;none&quot;}\" data-widget_type=\"wcf--title.default\">\n\t\t\t\t<div class=\"elementor-widget-container\">\n\t\t\t\t\t<h2 class=\"wcf--title\">#PAFFaudiovisual\n\n<\/h2>\t\t\t\t<\/div>\n\t\t\t\t<\/div>\n\t\t\t\t<\/div>\n\t\t<div class=\"elementor-element elementor-element-e1f286e e-con-full e-flex e-con e-child\" data-id=\"e1f286e\" data-element_type=\"container\" data-e-type=\"container\" data-settings=\"{&quot;wcf_enable_cursor_hover_effect_text&quot;:&quot;View&quot;,&quot;wcf-animation&quot;:&quot;none&quot;}\">\n\t\t\t\t<div class=\"elementor-element elementor-element-abfd39a wcf-t-animation-text_move elementor-widget elementor-widget-wcf--text\" data-id=\"abfd39a\" data-element_type=\"widget\" data-e-type=\"widget\" data-settings=\"{&quot;wcf_text_animation&quot;:&quot;text_move&quot;,&quot;text_transform_origin&quot;:&quot;top center -50&quot;,&quot;text_delay&quot;:0.15,&quot;text_duration&quot;:1,&quot;text_stagger&quot;:0.02,&quot;text_on_scroll&quot;:&quot;yes&quot;,&quot;text_rotation_di&quot;:&quot;x&quot;,&quot;text_rotation&quot;:&quot;-80&quot;,&quot;wcf-animation&quot;:&quot;none&quot;}\" data-widget_type=\"wcf--text.default\">\n\t\t\t\t<div class=\"elementor-widget-container\">\n\t\t\t\t\t<div class=\"wcf--text\"><p class=\"p1\"><b>PAFF impulsa y apoya a la comunidad art\u00edstica local a trav\u00e9s de la producci\u00f3n audiovisual, creando cortometrajes, miniseries en vertical y colabora en cine local reflejando el talento y la identidad de Miami.<\/b><b><\/b><\/p><p><em><strong>PAFF cre\u00f3 La Nueva (Novela vertical)<\/strong><\/em><\/p><p>La Nueva es una novela vertical de 37 cap\u00edtulos creada y producida por Primer Acto Florida Foundation (PAFF), pensada espec\u00edficamente para el formato digital y el consumo en plataformas m\u00f3viles. Filmada en formato vertical, con cap\u00edtulos breves e intensos, la serie apuesta a una narrativa \u00e1gil, cercana y contempor\u00e1nea.<\/p><p class=\"p1\">Desde el 2023, hemos producido <i>Panther G<\/i>, un cortometraje realizado 100% en Miami, con locaciones, direcci\u00f3n, elenco, producci\u00f3n y postproducci\u00f3n locales. <i>Aquellas Cabareteras, (tambien 100% en Miami) <\/i>que tuvo su screening privado con gran aceptaci\u00f3n del p\u00fablico y actualmente se encuentra en circulaci\u00f3n por festivales internacionales.<\/p><p class=\"p1\">Adem\u00e1s, PAFF colabor\u00f3 en la producci\u00f3n de <i>Cena de Aniversario<\/i>, un film independiente rodado \u00edntegramente en Miami, bajo la direcci\u00f3n de David Chocarro y Pedro Delguy.<\/p><p>Buscamos dar visibilidad a artistas emergentes, contar historias aut\u00e9nticas y fortalecer la industria audiovisual de nuestra comunidad.<\/p><\/div>\t\t\t\t<\/div>\n\t\t\t\t<\/div>\n\t\t\t\t<\/div>\n\t\t\t\t<\/div>\n\t\t\t\t<\/div>\n\t\t<div class=\"elementor-element elementor-element-2368030 e-flex e-con-boxed e-con e-parent\" data-id=\"2368030\" data-element_type=\"container\" data-e-type=\"container\" data-settings=\"{&quot;wcf_enable_cursor_hover_effect_text&quot;:&quot;View&quot;,&quot;wcf-animation&quot;:&quot;none&quot;}\">\n\t\t\t\t\t<div class=\"e-con-inner\">\n\t\t<div class=\"elementor-element elementor-element-f96f3c0 e-con-full e-flex e-con e-child\" data-id=\"f96f3c0\" data-element_type=\"container\" data-e-type=\"container\" data-settings=\"{&quot;wcf_enable_cursor_hover_effect_text&quot;:&quot;View&quot;,&quot;wcf-animation&quot;:&quot;none&quot;}\">\n\t\t\t\t<div class=\"elementor-element elementor-element-709c8f5 img-box-wrap-left wcf--image-effect-zoom-in elementor-widget elementor-widget-wcf--image-box\" data-id=\"709c8f5\" data-element_type=\"widget\" data-e-type=\"widget\" data-settings=\"{&quot;wcf-image-animation&quot;:&quot;none&quot;,&quot;wcf-animation&quot;:&quot;none&quot;}\" data-widget_type=\"wcf--image-box.default\">\n\t\t\t\t<div class=\"elementor-widget-container\">\n\t\t\t\t\t\r\n\t\t<div class=\"wcf--image-box style-3\">\r\n\t\t\t<div class=\"thumb\">\r\n\t\t\t\t<img fetchpriority=\"high\" decoding=\"async\" width=\"827\" height=\"748\" src=\"https:\/\/primeractoff.org\/wp-content\/uploads\/2025\/08\/pantherg-square.png\" class=\"attachment-full size-full wp-image-17116\" alt=\"\" srcset=\"https:\/\/primeractoff.org\/wp-content\/uploads\/2025\/08\/pantherg-square.png 827w, https:\/\/primeractoff.org\/wp-content\/uploads\/2025\/08\/pantherg-square-300x271.png 300w, https:\/\/primeractoff.org\/wp-content\/uploads\/2025\/08\/pantherg-square-768x695.png 768w, https:\/\/primeractoff.org\/wp-content\/uploads\/2025\/08\/pantherg-square-13x12.png 13w\" sizes=\"(max-width: 827px) 100vw, 827px\" \/>\t\t\t<\/div>\r\n\t\t\t<div class=\"content\">\r\n\t\t\t\t<div class=\"wrap\">\r\n\t\t\t\t\t\r\n\t\t\t\t\t\t\t\t\t\t\t\r\n\t\t\t\t\t\t<h5 class=\"title\">\r\n\t\t\t\t\t\t\tPanther G\t\t\t\t\t\t<\/h5>\r\n\t\t\t\t\t\r\n\t\t\t\t\t\r\n\t\t\t\t\t\r\n\t\t\t\t\t\t\t<div class=\"wcf__btn\">\r\n\t\t\t\t\t\t\t<a href=\"https:\/\/primeractoff.org\/en\/panther-g\/\" class=\"wcf-btn-default btn-hover-none\">\r\n\t\t\t\t\t\t\t\t\t\tRead more\t\t\t\t<\/a>\r\n\t\t\t\t\t\t<\/div>\r\n\t\t\t\t\t\t<\/div>\r\n\t\t\t<\/div>\r\n\t\t<\/div>\r\n\t\t\t\t\t\t<\/div>\n\t\t\t\t<\/div>\n\t\t\t\t<\/div>\n\t\t<div class=\"elementor-element elementor-element-f5b946f e-con-full e-flex e-con e-child\" data-id=\"f5b946f\" data-element_type=\"container\" data-e-type=\"container\" data-settings=\"{&quot;wcf_enable_cursor_hover_effect_text&quot;:&quot;View&quot;,&quot;wcf-animation&quot;:&quot;none&quot;}\">\n\t\t\t\t<div class=\"elementor-element elementor-element-3830cf7 img-box-wrap-left wcf--image-effect-zoom-in elementor-widget elementor-widget-wcf--image-box\" data-id=\"3830cf7\" data-element_type=\"widget\" data-e-type=\"widget\" data-settings=\"{&quot;wcf-image-animation&quot;:&quot;none&quot;,&quot;wcf-animation&quot;:&quot;none&quot;}\" data-widget_type=\"wcf--image-box.default\">\n\t\t\t\t<div class=\"elementor-widget-container\">\n\t\t\t\t\t\r\n\t\t<div class=\"wcf--image-box style-3\">\r\n\t\t\t<div class=\"thumb\">\r\n\t\t\t\t<img decoding=\"async\" width=\"827\" height=\"748\" src=\"https:\/\/primeractoff.org\/wp-content\/uploads\/2025\/08\/cabareteras-square.jpg\" class=\"attachment-full size-full wp-image-17085\" alt=\"\" srcset=\"https:\/\/primeractoff.org\/wp-content\/uploads\/2025\/08\/cabareteras-square.jpg 827w, https:\/\/primeractoff.org\/wp-content\/uploads\/2025\/08\/cabareteras-square-300x271.jpg 300w, https:\/\/primeractoff.org\/wp-content\/uploads\/2025\/08\/cabareteras-square-768x695.jpg 768w, https:\/\/primeractoff.org\/wp-content\/uploads\/2025\/08\/cabareteras-square-13x12.jpg 13w\" sizes=\"(max-width: 827px) 100vw, 827px\" \/>\t\t\t<\/div>\r\n\t\t\t<div class=\"content\">\r\n\t\t\t\t<div class=\"wrap\">\r\n\t\t\t\t\t\r\n\t\t\t\t\t\t\t\t\t\t\t\r\n\t\t\t\t\t\t<h5 class=\"title\">\r\n\t\t\t\t\t\t\tAquellas Cabareteras\t\t\t\t\t\t<\/h5>\r\n\t\t\t\t\t\r\n\t\t\t\t\t\r\n\t\t\t\t\t\r\n\t\t\t\t\t\t\t<div class=\"wcf__btn\">\r\n\t\t\t\t\t\t\t<a href=\"https:\/\/primeractoff.org\/en\/aquellas-cabareteras\/\" class=\"wcf-btn-default btn-hover-none\">\r\n\t\t\t\t\t\t\t\t\t\tRead more\t\t\t\t<\/a>\r\n\t\t\t\t\t\t<\/div>\r\n\t\t\t\t\t\t<\/div>\r\n\t\t\t<\/div>\r\n\t\t<\/div>\r\n\t\t\t\t\t\t<\/div>\n\t\t\t\t<\/div>\n\t\t\t\t<\/div>\n\t\t<div class=\"elementor-element elementor-element-a4f11ef e-con-full e-flex e-con e-child\" data-id=\"a4f11ef\" data-element_type=\"container\" data-e-type=\"container\" data-settings=\"{&quot;wcf_enable_cursor_hover_effect_text&quot;:&quot;View&quot;,&quot;wcf-animation&quot;:&quot;none&quot;}\">\n\t\t\t\t<div class=\"elementor-element elementor-element-f8997e8 img-box-wrap-left wcf--image-effect-zoom-in elementor-widget elementor-widget-wcf--image-box\" data-id=\"f8997e8\" data-element_type=\"widget\" data-e-type=\"widget\" data-settings=\"{&quot;wcf-image-animation&quot;:&quot;none&quot;,&quot;wcf-animation&quot;:&quot;none&quot;}\" data-widget_type=\"wcf--image-box.default\">\n\t\t\t\t<div class=\"elementor-widget-container\">\n\t\t\t\t\t\r\n\t\t<div class=\"wcf--image-box style-3\">\r\n\t\t\t<div class=\"thumb\">\r\n\t\t\t\t<img decoding=\"async\" width=\"827\" height=\"748\" src=\"https:\/\/primeractoff.org\/wp-content\/uploads\/2025\/08\/paff-vertical-shorts-square.png\" class=\"attachment-full size-full wp-image-17112\" alt=\"\" srcset=\"https:\/\/primeractoff.org\/wp-content\/uploads\/2025\/08\/paff-vertical-shorts-square.png 827w, https:\/\/primeractoff.org\/wp-content\/uploads\/2025\/08\/paff-vertical-shorts-square-300x271.png 300w, https:\/\/primeractoff.org\/wp-content\/uploads\/2025\/08\/paff-vertical-shorts-square-768x695.png 768w, https:\/\/primeractoff.org\/wp-content\/uploads\/2025\/08\/paff-vertical-shorts-square-13x12.png 13w\" sizes=\"(max-width: 827px) 100vw, 827px\" \/>\t\t\t<\/div>\r\n\t\t\t<div class=\"content\">\r\n\t\t\t\t<div class=\"wrap\">\r\n\t\t\t\t\t\r\n\t\t\t\t\t\t\t\t\t\t\t\r\n\t\t\t\t\t\t<h5 class=\"title\">\r\n\t\t\t\t\t\t\tPAFF Vertical Shorts\t\t\t\t\t\t<\/h5>\r\n\t\t\t\t\t\r\n\t\t\t\t\t\r\n\t\t\t\t\t\r\n\t\t\t\t\t\t\t<div class=\"wcf__btn\">\r\n\t\t\t\t\t\t\t<a href=\"https:\/\/primeractoff.org\/en\/paff-audiovisual\/paff-vertical-shorts\/\" class=\"wcf-btn-default btn-hover-none\">\r\n\t\t\t\t\t\t\t\t\t\tRead more\t\t\t\t<\/a>\r\n\t\t\t\t\t\t<\/div>\r\n\t\t\t\t\t\t<\/div>\r\n\t\t\t<\/div>\r\n\t\t<\/div>\r\n\t\t\t\t\t\t<\/div>\n\t\t\t\t<\/div>\n\t\t\t\t<\/div>\n\t\t\t\t\t<\/div>\n\t\t\t\t<\/div>\n\t\t\t\t<\/div>","protected":false},"excerpt":{"rendered":"<p>#PAFFaudiovisual PAFF impulsa y apoya a la comunidad art\u00edstica local a trav\u00e9s de la producci\u00f3n audiovisual, creando cortometrajes, miniseries en vertical y colabora en cine local reflejando el talento y la identidad de Miami. PAFF cre\u00f3 La Nueva (Novela vertical) La Nueva es una novela vertical de 37 cap\u00edtulos creada y producida por Primer Acto [&hellip;]<\/p>\n","protected":false},"author":1,"featured_media":0,"parent":0,"menu_order":0,"comment_status":"closed","ping_status":"closed","template":"elementor_header_footer","meta":{"footnotes":""},"class_list":["post-15231","page","type-page","status-publish","hentry"],"_links":{"self":[{"href":"https:\/\/primeractoff.org\/en\/wp-json\/wp\/v2\/pages\/15231","targetHints":{"allow":["GET"]}}],"collection":[{"href":"https:\/\/primeractoff.org\/en\/wp-json\/wp\/v2\/pages"}],"about":[{"href":"https:\/\/primeractoff.org\/en\/wp-json\/wp\/v2\/types\/page"}],"author":[{"embeddable":true,"href":"https:\/\/primeractoff.org\/en\/wp-json\/wp\/v2\/users\/1"}],"replies":[{"embeddable":true,"href":"https:\/\/primeractoff.org\/en\/wp-json\/wp\/v2\/comments?post=15231"}],"version-history":[{"count":89,"href":"https:\/\/primeractoff.org\/en\/wp-json\/wp\/v2\/pages\/15231\/revisions"}],"predecessor-version":[{"id":17306,"href":"https:\/\/primeractoff.org\/en\/wp-json\/wp\/v2\/pages\/15231\/revisions\/17306"}],"wp:attachment":[{"href":"https:\/\/primeractoff.org\/en\/wp-json\/wp\/v2\/media?parent=15231"}],"curies":[{"name":"wp","href":"https:\/\/api.w.org\/{rel}","templated":true}]}}