{"id":15489,"date":"2025-01-30T20:30:54","date_gmt":"2025-01-30T19:30:54","guid":{"rendered":"https:\/\/primeractoff.org\/?page_id=15489"},"modified":"2025-04-09T17:28:00","modified_gmt":"2025-04-09T15:28:00","slug":"paffteatro","status":"publish","type":"page","link":"https:\/\/primeractoff.org\/en\/paffteatro\/","title":{"rendered":"#PAFFtheater"},"content":{"rendered":"<div data-elementor-type=\"wp-page\" data-elementor-id=\"15489\" class=\"elementor elementor-15489\">\n\t\t\t\t<div class=\"elementor-element elementor-element-7e3a916 e-flex e-con-boxed e-con e-parent\" data-id=\"7e3a916\" data-element_type=\"container\" data-e-type=\"container\" data-settings=\"{&quot;wcf_enable_cursor_hover_effect_text&quot;:&quot;View&quot;,&quot;wcf-animation&quot;:&quot;none&quot;}\">\n\t\t\t\t\t<div class=\"e-con-inner\">\n\t\t<div class=\"elementor-element elementor-element-41e6f7a e-con-full e-flex e-con e-child\" data-id=\"41e6f7a\" data-element_type=\"container\" data-e-type=\"container\" data-settings=\"{&quot;wcf_enable_cursor_hover_effect_text&quot;:&quot;View&quot;,&quot;wcf-animation&quot;:&quot;none&quot;}\">\n\t\t<div class=\"elementor-element elementor-element-37ced41 e-con-full e-flex e-con e-child\" data-id=\"37ced41\" data-element_type=\"container\" data-e-type=\"container\" data-settings=\"{&quot;wcf_enable_cursor_hover_effect_text&quot;:&quot;View&quot;,&quot;wcf-animation&quot;:&quot;none&quot;}\">\n\t\t\t\t<div class=\"elementor-element elementor-element-6787001 wcf-t-animation-text_move elementor-widget elementor-widget-wcf--title\" data-id=\"6787001\" data-element_type=\"widget\" data-e-type=\"widget\" data-settings=\"{&quot;wcf_text_animation&quot;:&quot;text_move&quot;,&quot;text_transform_origin&quot;:&quot;top center -50&quot;,&quot;text_delay&quot;:0.15,&quot;text_duration&quot;:1,&quot;text_stagger&quot;:0.02,&quot;text_on_scroll&quot;:&quot;yes&quot;,&quot;text_rotation_di&quot;:&quot;x&quot;,&quot;text_rotation&quot;:&quot;-80&quot;,&quot;wcf-animation&quot;:&quot;none&quot;}\" data-widget_type=\"wcf--title.default\">\n\t\t\t\t<div class=\"elementor-widget-container\">\n\t\t\t\t\t<h2 class=\"wcf--title\">#PAFFtheater<\/h2>\t\t\t\t<\/div>\n\t\t\t\t<\/div>\n\t\t\t\t<\/div>\n\t\t<div class=\"elementor-element elementor-element-0ce7a66 e-con-full e-flex e-con e-child\" data-id=\"0ce7a66\" data-element_type=\"container\" data-e-type=\"container\" data-settings=\"{&quot;wcf_enable_cursor_hover_effect_text&quot;:&quot;View&quot;,&quot;wcf-animation&quot;:&quot;none&quot;}\">\n\t\t\t\t<div class=\"elementor-element elementor-element-668f8c1 wcf-t-animation-text_move elementor-widget elementor-widget-wcf--text\" data-id=\"668f8c1\" data-element_type=\"widget\" data-e-type=\"widget\" data-settings=\"{&quot;wcf_text_animation&quot;:&quot;text_move&quot;,&quot;text_transform_origin&quot;:&quot;top center -50&quot;,&quot;text_delay&quot;:0.15,&quot;text_duration&quot;:1,&quot;text_stagger&quot;:0.02,&quot;text_on_scroll&quot;:&quot;yes&quot;,&quot;text_rotation_di&quot;:&quot;x&quot;,&quot;text_rotation&quot;:&quot;-80&quot;,&quot;wcf-animation&quot;:&quot;none&quot;}\" data-widget_type=\"wcf--text.default\">\n\t\t\t\t<div class=\"elementor-widget-container\">\n\t\t\t\t\t<div class=\"wcf--text\"><p>At PAFF Theater, we produce large-scale productions of classic and modern authors. We also offer a more intimate format through our Boutique Theater, bringing stories to the stage that connect with audiences in unexpected places.<\/p><p>We also celebrate local talent with events like Men and Women Artists, a space for Miami artists to meet and showcase live performances to delight the whole family.<\/p><p>Our theater section includes both short and long plays, with innovative proposals that have traveled the world, appearing in cities such as Los Angeles, New York, Mexico City, Boca Raton, and Madrid.<\/p><p>Throughout our history, our productions have impacted more than 16,000 spectators, and we continue to grow year after year to strengthen the culture and expand the reach of Hispanic theater.<\/p><p>At PAFF Theater, each play is an experience that transcends borders, promoting art, identity, and talent in every performance.<\/p><\/div>\t\t\t\t<\/div>\n\t\t\t\t<\/div>\n\t\t\t\t<\/div>\n\t\t\t\t<\/div>\n\t\t\t\t\t<\/div>\n\t\t\t\t<\/div>\n\t\t<div class=\"elementor-element elementor-element-f522b44 e-flex e-con-boxed e-con e-parent\" data-id=\"f522b44\" data-element_type=\"container\" data-e-type=\"container\" data-settings=\"{&quot;wcf_enable_cursor_hover_effect_text&quot;:&quot;View&quot;,&quot;wcf-animation&quot;:&quot;none&quot;}\">\n\t\t\t\t\t<div class=\"e-con-inner\">\n\t\t<div class=\"elementor-element elementor-element-cbb951b e-con-full e-flex e-con e-child\" data-id=\"cbb951b\" data-element_type=\"container\" data-e-type=\"container\" data-settings=\"{&quot;wcf_enable_cursor_hover_effect_text&quot;:&quot;View&quot;,&quot;wcf-animation&quot;:&quot;none&quot;}\">\n\t\t\t\t<div class=\"elementor-element elementor-element-819389a img-box-wrap-left wcf--image-effect-zoom-in elementor-widget elementor-widget-wcf--image-box\" data-id=\"819389a\" data-element_type=\"widget\" data-e-type=\"widget\" data-settings=\"{&quot;wcf-image-animation&quot;:&quot;none&quot;,&quot;wcf-animation&quot;:&quot;none&quot;}\" data-widget_type=\"wcf--image-box.default\">\n\t\t\t\t<div class=\"elementor-widget-container\">\n\t\t\t\t\t\r\n\t\t<div class=\"wcf--image-box style-3\">\r\n\t\t\t<div class=\"thumb\">\r\n\t\t\t\t<img fetchpriority=\"high\" decoding=\"async\" width=\"827\" height=\"748\" src=\"https:\/\/primeractoff.org\/wp-content\/uploads\/2025\/02\/grandes-producciones.webp\" class=\"attachment-full size-full wp-image-15753\" alt=\"\" srcset=\"https:\/\/primeractoff.org\/wp-content\/uploads\/2025\/02\/grandes-producciones.webp 827w, https:\/\/primeractoff.org\/wp-content\/uploads\/2025\/02\/grandes-producciones-300x271.webp 300w, https:\/\/primeractoff.org\/wp-content\/uploads\/2025\/02\/grandes-producciones-768x695.webp 768w\" sizes=\"(max-width: 827px) 100vw, 827px\" \/>\t\t\t<\/div>\r\n\t\t\t<div class=\"content\">\r\n\t\t\t\t<div class=\"wrap\">\r\n\t\t\t\t\t\r\n\t\t\t\t\t\t\t\t\t\t\t\r\n\t\t\t\t\t\t<h5 class=\"title\">\r\n\t\t\t\t\t\t\tMajor Productions\t\t\t\t\t\t<\/h5>\r\n\t\t\t\t\t\r\n\t\t\t\t\t\r\n\t\t\t\t\t\r\n\t\t\t\t\t\t\t<div class=\"wcf__btn\">\r\n\t\t\t\t\t\t\t<a href=\"https:\/\/primeractoff.org\/en\/grandes-producciones\/\" class=\"wcf-btn-default btn-hover-none\">\r\n\t\t\t\t\t\t\t\t\t\tRead more\t\t\t\t<\/a>\r\n\t\t\t\t\t\t<\/div>\r\n\t\t\t\t\t\t<\/div>\r\n\t\t\t<\/div>\r\n\t\t<\/div>\r\n\t\t\t\t\t\t<\/div>\n\t\t\t\t<\/div>\n\t\t\t\t<\/div>\n\t\t<div class=\"elementor-element elementor-element-546ba8d e-con-full e-flex e-con e-child\" data-id=\"546ba8d\" data-element_type=\"container\" data-e-type=\"container\" data-settings=\"{&quot;wcf_enable_cursor_hover_effect_text&quot;:&quot;View&quot;,&quot;wcf-animation&quot;:&quot;none&quot;}\">\n\t\t\t\t<div class=\"elementor-element elementor-element-7ef4af6 img-box-wrap-left wcf--image-effect-zoom-in elementor-widget elementor-widget-wcf--image-box\" data-id=\"7ef4af6\" data-element_type=\"widget\" data-e-type=\"widget\" data-settings=\"{&quot;wcf-image-animation&quot;:&quot;none&quot;,&quot;wcf-animation&quot;:&quot;none&quot;}\" data-widget_type=\"wcf--image-box.default\">\n\t\t\t\t<div class=\"elementor-widget-container\">\n\t\t\t\t\t\r\n\t\t<div class=\"wcf--image-box style-3\">\r\n\t\t\t<div class=\"thumb\">\r\n\t\t\t\t<img decoding=\"async\" width=\"827\" height=\"748\" src=\"https:\/\/primeractoff.org\/wp-content\/uploads\/2025\/01\/4aa1ef_1e566ddc328847b8ac0128b11be67058mv2.webp\" class=\"attachment-full size-full wp-image-15649\" alt=\"\" srcset=\"https:\/\/primeractoff.org\/wp-content\/uploads\/2025\/01\/4aa1ef_1e566ddc328847b8ac0128b11be67058mv2.webp 827w, https:\/\/primeractoff.org\/wp-content\/uploads\/2025\/01\/4aa1ef_1e566ddc328847b8ac0128b11be67058mv2-300x271.webp 300w, https:\/\/primeractoff.org\/wp-content\/uploads\/2025\/01\/4aa1ef_1e566ddc328847b8ac0128b11be67058mv2-768x695.webp 768w\" sizes=\"(max-width: 827px) 100vw, 827px\" \/>\t\t\t<\/div>\r\n\t\t\t<div class=\"content\">\r\n\t\t\t\t<div class=\"wrap\">\r\n\t\t\t\t\t\r\n\t\t\t\t\t\t\t\t\t\t\t\r\n\t\t\t\t\t\t<h5 class=\"title\">\r\n\t\t\t\t\t\t\tBoutique Theater\t\t\t\t\t\t<\/h5>\r\n\t\t\t\t\t\r\n\t\t\t\t\t\r\n\t\t\t\t\t\r\n\t\t\t\t\t\t\t<div class=\"wcf__btn\">\r\n\t\t\t\t\t\t\t<a href=\"https:\/\/primeractoff.org\/en\/teatro-boutique\/\" class=\"wcf-btn-default btn-hover-none\">\r\n\t\t\t\t\t\t\t\t\t\tRead more\t\t\t\t<\/a>\r\n\t\t\t\t\t\t<\/div>\r\n\t\t\t\t\t\t<\/div>\r\n\t\t\t<\/div>\r\n\t\t<\/div>\r\n\t\t\t\t\t\t<\/div>\n\t\t\t\t<\/div>\n\t\t\t\t<\/div>\n\t\t<div class=\"elementor-element elementor-element-1472a31 e-con-full e-flex e-con e-child\" data-id=\"1472a31\" data-element_type=\"container\" data-e-type=\"container\" data-settings=\"{&quot;wcf_enable_cursor_hover_effect_text&quot;:&quot;View&quot;,&quot;wcf-animation&quot;:&quot;none&quot;}\">\n\t\t\t\t<div class=\"elementor-element elementor-element-1ea9179 img-box-wrap-left wcf--image-effect-zoom-in elementor-widget elementor-widget-wcf--image-box\" data-id=\"1ea9179\" data-element_type=\"widget\" data-e-type=\"widget\" data-settings=\"{&quot;wcf-image-animation&quot;:&quot;none&quot;,&quot;wcf-animation&quot;:&quot;none&quot;}\" data-widget_type=\"wcf--image-box.default\">\n\t\t\t\t<div class=\"elementor-widget-container\">\n\t\t\t\t\t\r\n\t\t<div class=\"wcf--image-box style-3\">\r\n\t\t\t<div class=\"thumb\">\r\n\t\t\t\t<img decoding=\"async\" width=\"827\" height=\"748\" src=\"https:\/\/primeractoff.org\/wp-content\/uploads\/2025\/02\/mujere-sy-hombres-artistas.webp\" class=\"attachment-full size-full wp-image-15752\" alt=\"\" srcset=\"https:\/\/primeractoff.org\/wp-content\/uploads\/2025\/02\/mujere-sy-hombres-artistas.webp 827w, https:\/\/primeractoff.org\/wp-content\/uploads\/2025\/02\/mujere-sy-hombres-artistas-300x271.webp 300w, https:\/\/primeractoff.org\/wp-content\/uploads\/2025\/02\/mujere-sy-hombres-artistas-768x695.webp 768w\" sizes=\"(max-width: 827px) 100vw, 827px\" \/>\t\t\t<\/div>\r\n\t\t\t<div class=\"content\">\r\n\t\t\t\t<div class=\"wrap\">\r\n\t\t\t\t\t\r\n\t\t\t\t\t\t\t\t\t\t\t\r\n\t\t\t\t\t\t<h5 class=\"title\">\r\n\t\t\t\t\t\t\tWomen and Men Artists\t\t\t\t\t\t<\/h5>\r\n\t\t\t\t\t\r\n\t\t\t\t\t\r\n\t\t\t\t\t\r\n\t\t\t\t\t\t\t<div class=\"wcf__btn\">\r\n\t\t\t\t\t\t\t<a href=\"https:\/\/primeractoff.org\/en\/mujeres-y-hombres-artistas\/\" class=\"wcf-btn-default btn-hover-none\">\r\n\t\t\t\t\t\t\t\t\t\tRead more\t\t\t\t<\/a>\r\n\t\t\t\t\t\t<\/div>\r\n\t\t\t\t\t\t<\/div>\r\n\t\t\t<\/div>\r\n\t\t<\/div>\r\n\t\t\t\t\t\t<\/div>\n\t\t\t\t<\/div>\n\t\t\t\t<\/div>\n\t\t\t\t\t<\/div>\n\t\t\t\t<\/div>\n\t\t\t\t<\/div>","protected":false},"excerpt":{"rendered":"<p>#PAFFteatro En PAFF Teatro, hacemos grandes producciones de autores cl\u00e1sicos y modernos, tambien contamos con un formato m\u00e1s \u00edntimo a trav\u00e9s de nuestro Teatro Boutique, llevando al escenario historias que conectan con el p\u00fablico en lugares inesperados. Tambi\u00e9n celebramos el talento local con eventos como Hombres y Mujeres Artistas, un espacio de encuentro y visibilizaci\u00f3n [&hellip;]<\/p>\n","protected":false},"author":1,"featured_media":0,"parent":0,"menu_order":0,"comment_status":"closed","ping_status":"closed","template":"elementor_header_footer","meta":{"footnotes":""},"class_list":["post-15489","page","type-page","status-publish","hentry"],"_links":{"self":[{"href":"https:\/\/primeractoff.org\/en\/wp-json\/wp\/v2\/pages\/15489","targetHints":{"allow":["GET"]}}],"collection":[{"href":"https:\/\/primeractoff.org\/en\/wp-json\/wp\/v2\/pages"}],"about":[{"href":"https:\/\/primeractoff.org\/en\/wp-json\/wp\/v2\/types\/page"}],"author":[{"embeddable":true,"href":"https:\/\/primeractoff.org\/en\/wp-json\/wp\/v2\/users\/1"}],"replies":[{"embeddable":true,"href":"https:\/\/primeractoff.org\/en\/wp-json\/wp\/v2\/comments?post=15489"}],"version-history":[{"count":67,"href":"https:\/\/primeractoff.org\/en\/wp-json\/wp\/v2\/pages\/15489\/revisions"}],"predecessor-version":[{"id":16786,"href":"https:\/\/primeractoff.org\/en\/wp-json\/wp\/v2\/pages\/15489\/revisions\/16786"}],"wp:attachment":[{"href":"https:\/\/primeractoff.org\/en\/wp-json\/wp\/v2\/media?parent=15489"}],"curies":[{"name":"wp","href":"https:\/\/api.w.org\/{rel}","templated":true}]}}