{"id":15774,"date":"2025-02-25T00:13:40","date_gmt":"2025-02-24T23:13:40","guid":{"rendered":"https:\/\/primeractoff.org\/?page_id=15774"},"modified":"2026-01-29T17:29:13","modified_gmt":"2026-01-29T16:29:13","slug":"panther-g","status":"publish","type":"page","link":"https:\/\/primeractoff.org\/en\/paff-audiovisual\/panther-g\/","title":{"rendered":"Panther G"},"content":{"rendered":"<div data-elementor-type=\"wp-page\" data-elementor-id=\"15774\" class=\"elementor elementor-15774\">\n\t\t\t\t<div class=\"elementor-element elementor-element-f178b08 e-flex e-con-boxed e-con e-parent\" data-id=\"f178b08\" data-element_type=\"container\" data-e-type=\"container\" data-settings=\"{&quot;wcf_enable_cursor_hover_effect_text&quot;:&quot;View&quot;,&quot;wcf-animation&quot;:&quot;none&quot;}\">\n\t\t\t\t\t<div class=\"e-con-inner\">\n\t\t<div class=\"elementor-element elementor-element-1ff6f6f e-con-full e-flex e-con e-child\" data-id=\"1ff6f6f\" data-element_type=\"container\" data-e-type=\"container\" data-settings=\"{&quot;wcf_enable_cursor_hover_effect_text&quot;:&quot;View&quot;,&quot;wcf-animation&quot;:&quot;none&quot;}\">\n\t\t\t\t<div class=\"elementor-element elementor-element-839bd4d elementor-widget elementor-widget-image\" data-id=\"839bd4d\" data-element_type=\"widget\" data-e-type=\"widget\" data-settings=\"{&quot;wcf-image-animation&quot;:&quot;none&quot;,&quot;wcf-animation&quot;:&quot;none&quot;}\" data-widget_type=\"image.default\">\n\t\t\t\t<div class=\"elementor-widget-container\">\n\t\t\t\t\t\t\t\t\t\t\t\t\t\t\t<img fetchpriority=\"high\" decoding=\"async\" width=\"758\" height=\"1080\" src=\"https:\/\/primeractoff.org\/wp-content\/uploads\/2025\/03\/Panther-G-laureles-feb2025.jpg\" class=\"attachment-full size-full wp-image-16226\" alt=\"\" srcset=\"https:\/\/primeractoff.org\/wp-content\/uploads\/2025\/03\/Panther-G-laureles-feb2025.jpg 758w, https:\/\/primeractoff.org\/wp-content\/uploads\/2025\/03\/Panther-G-laureles-feb2025-211x300.jpg 211w, https:\/\/primeractoff.org\/wp-content\/uploads\/2025\/03\/Panther-G-laureles-feb2025-719x1024.jpg 719w\" sizes=\"(max-width: 758px) 100vw, 758px\" \/>\t\t\t\t\t\t\t\t\t\t\t\t\t\t\t<\/div>\n\t\t\t\t<\/div>\n\t\t\t\t<\/div>\n\t\t<div class=\"elementor-element elementor-element-3475dd5 e-con-full e-flex e-con e-child\" data-id=\"3475dd5\" data-element_type=\"container\" data-e-type=\"container\" data-settings=\"{&quot;wcf_enable_cursor_hover_effect_text&quot;:&quot;View&quot;,&quot;wcf-animation&quot;:&quot;none&quot;}\">\n\t\t\t\t<div class=\"elementor-element elementor-element-1abda15 wcf-t-animation-text_move elementor-widget elementor-widget-wcf--title\" data-id=\"1abda15\" data-element_type=\"widget\" data-e-type=\"widget\" data-settings=\"{&quot;wcf_text_animation&quot;:&quot;text_move&quot;,&quot;text_transform_origin&quot;:&quot;top center -50&quot;,&quot;text_delay&quot;:0.15,&quot;text_duration&quot;:1,&quot;text_stagger&quot;:0.02,&quot;text_on_scroll&quot;:&quot;yes&quot;,&quot;text_rotation_di&quot;:&quot;x&quot;,&quot;text_rotation&quot;:&quot;-80&quot;,&quot;wcf-animation&quot;:&quot;none&quot;}\" data-widget_type=\"wcf--title.default\">\n\t\t\t\t<div class=\"elementor-widget-container\">\n\t\t\t\t\t<h2 class=\"wcf--title\">Synopsis<\/h2>\t\t\t\t<\/div>\n\t\t\t\t<\/div>\n\t\t\t\t<div class=\"elementor-element elementor-element-ac0e470 wcf-t-animation-text_move elementor-widget elementor-widget-wcf--title\" data-id=\"ac0e470\" data-element_type=\"widget\" data-e-type=\"widget\" data-settings=\"{&quot;wcf_text_animation&quot;:&quot;text_move&quot;,&quot;text_transform_origin&quot;:&quot;top center -50&quot;,&quot;text_delay&quot;:0.15,&quot;text_duration&quot;:1,&quot;text_stagger&quot;:0.02,&quot;text_on_scroll&quot;:&quot;yes&quot;,&quot;text_rotation_di&quot;:&quot;x&quot;,&quot;text_rotation&quot;:&quot;-80&quot;,&quot;wcf-animation&quot;:&quot;none&quot;}\" data-widget_type=\"wcf--title.default\">\n\t\t\t\t<div class=\"elementor-widget-container\">\n\t\t\t\t\t<h2 class=\"wcf--title\">Panther G\n<\/h2>\t\t\t\t<\/div>\n\t\t\t\t<\/div>\n\t\t\t\t<div class=\"elementor-element elementor-element-b023268 elementor-view-default elementor-widget elementor-widget-icon\" data-id=\"b023268\" data-element_type=\"widget\" data-e-type=\"widget\" data-settings=\"{&quot;wcf-animation&quot;:&quot;none&quot;}\" data-widget_type=\"icon.default\">\n\t\t\t\t<div class=\"elementor-widget-container\">\n\t\t\t\t\t\t\t<div class=\"elementor-icon-wrapper\">\n\t\t\t<a class=\"elementor-icon\" href=\"https:\/\/www.imdb.com\/es\/title\/tt33222420\/\" target=\"_blank\">\n\t\t\t<svg aria-hidden=\"true\" class=\"e-font-icon-svg e-fab-imdb\" viewbox=\"0 0 448 512\" xmlns=\"http:\/\/www.w3.org\/2000\/svg\"><path d=\"M400 32H48C21.5 32 0 53.5 0 80v352c0 26.5 21.5 48 48 48h352c26.5 0 48-21.5 48-48V80c0-26.5-21.5-48-48-48zM21.3 229.2H21c.1-.1.2-.3.3-.4zM97 319.8H64V192h33zm113.2 0h-28.7v-86.4l-11.6 86.4h-20.6l-12.2-84.5v84.5h-29V192h42.8c3.3 19.8 6 39.9 8.7 59.9l7.6-59.9h43zm11.4 0V192h24.6c17.6 0 44.7-1.6 49 20.9 1.7 7.6 1.4 16.3 1.4 24.4 0 88.5 11.1 82.6-75 82.5zm160.9-29.2c0 15.7-2.4 30.9-22.2 30.9-9 0-15.2-3-20.9-9.8l-1.9 8.1h-29.8V192h31.7v41.7c6-6.5 12-9.2 20.9-9.2 21.4 0 22.2 12.8 22.2 30.1zM265 229.9c0-9.7 1.6-16-10.3-16v83.7c12.2.3 10.3-8.7 10.3-18.4zm85.5 26.1c0-5.4 1.1-12.7-6.2-12.7-6 0-4.9 8.9-4.9 12.7 0 .6-1.1 39.6 1.1 44.7.8 1.6 2.2 2.4 3.8 2.4 7.8 0 6.2-9 6.2-14.4z\"><\/path><\/svg>\t\t\t<\/a>\n\t\t<\/div>\n\t\t\t\t\t\t<\/div>\n\t\t\t\t<\/div>\n\t\t\t\t<div class=\"elementor-element elementor-element-4d43a1f wcf-t-animation-text_move elementor-widget elementor-widget-wcf--text\" data-id=\"4d43a1f\" data-element_type=\"widget\" data-e-type=\"widget\" data-settings=\"{&quot;wcf_text_animation&quot;:&quot;text_move&quot;,&quot;text_transform_origin&quot;:&quot;top center -50&quot;,&quot;text_delay&quot;:0.15,&quot;text_duration&quot;:1,&quot;text_stagger&quot;:0.02,&quot;text_on_scroll&quot;:&quot;yes&quot;,&quot;text_rotation_di&quot;:&quot;x&quot;,&quot;text_rotation&quot;:&quot;-80&quot;,&quot;wcf-animation&quot;:&quot;none&quot;}\" data-widget_type=\"wcf--text.default\">\n\t\t\t\t<div class=\"elementor-widget-container\">\n\t\t\t\t\t<div class=\"wcf--text\"><p>The plot centers on the moving story of \u00c1gata, a central figure whose life is shrouded in mystery and emotional challenges. The story intensifies with the introduction of an enigmatic science fiction author, known only by his pseudonym, Panther G. The interaction between Agata and this mysterious character weaves a web of suspense with an unexpected ending.<\/p><p>This short film seeks not only to capture the audience's attention, but also to leave a significant mark on the world of independent cinema through its presentation at festivals.<\/p><\/div>\t\t\t\t<\/div>\n\t\t\t\t<\/div>\n\t\t\t\t<div class=\"elementor-element elementor-element-d449186 wcf-t-animation-text_move elementor-widget elementor-widget-wcf--title\" data-id=\"d449186\" data-element_type=\"widget\" data-e-type=\"widget\" data-settings=\"{&quot;wcf_text_animation&quot;:&quot;text_move&quot;,&quot;text_transform_origin&quot;:&quot;top center -50&quot;,&quot;text_delay&quot;:0.15,&quot;text_duration&quot;:1,&quot;text_stagger&quot;:0.02,&quot;text_on_scroll&quot;:&quot;yes&quot;,&quot;text_rotation_di&quot;:&quot;x&quot;,&quot;text_rotation&quot;:&quot;-80&quot;,&quot;wcf-animation&quot;:&quot;none&quot;}\" data-widget_type=\"wcf--title.default\">\n\t\t\t\t<div class=\"elementor-widget-container\">\n\t\t\t\t\t<h2 class=\"wcf--title\">RECONOCIMIENTOS y PREMIOS<\/h2>\t\t\t\t<\/div>\n\t\t\t\t<\/div>\n\t\t\t\t<div class=\"elementor-element elementor-element-87f2cc3 wcf-t-animation-text_move elementor-widget elementor-widget-wcf--text\" data-id=\"87f2cc3\" data-element_type=\"widget\" data-e-type=\"widget\" data-settings=\"{&quot;wcf_text_animation&quot;:&quot;text_move&quot;,&quot;text_transform_origin&quot;:&quot;top center -50&quot;,&quot;text_delay&quot;:0.15,&quot;text_duration&quot;:1,&quot;text_stagger&quot;:0.02,&quot;text_on_scroll&quot;:&quot;yes&quot;,&quot;text_rotation_di&quot;:&quot;x&quot;,&quot;text_rotation&quot;:&quot;-80&quot;,&quot;wcf-animation&quot;:&quot;none&quot;}\" data-widget_type=\"wcf--text.default\">\n\t\t\t\t<div class=\"elementor-widget-container\">\n\t\t\t\t\t<div class=\"wcf--text\"><ul><li><em>Audience Award<\/em> \u2013 Miami Short Film Festival 2024<\/li><li><em>Best Thriller<\/em> \u2013 Lion King International Film Festival 2024<\/li><li><em>Best Female Performer<\/em> \u2013 Lion King International Film Festival 2024<\/li><li><em>Further &amp; Best Shortfilm<\/em> \u2013 Philadelphia Film Awards 2024<\/li><li><em>Best Short Thriller<\/em> \u2013 Medusa Film Festival USA 2024<\/li><li><em>Official Selection<\/em> \u2013 Kalakari Film Festival 2024<\/li><\/ul><\/div>\t\t\t\t<\/div>\n\t\t\t\t<\/div>\n\t\t\t\t<div class=\"elementor-element elementor-element-78f6433 elementor-widget elementor-widget-wcf--video-popup\" data-id=\"78f6433\" data-element_type=\"widget\" data-e-type=\"widget\" data-settings=\"{&quot;wcf-animation&quot;:&quot;none&quot;}\" data-widget_type=\"wcf--video-popup.default\">\n\t\t\t\t<div class=\"elementor-widget-container\">\n\t\t\t\t\t        <div class=\"wcf--video-popup\">\r\n\t\t\t        <button class=\"wcf-popup-btn\" data-src=\"https:\/\/www.youtube.com\/embed\/vubRuiLjpAg\"                aria-label=\"Popup Video Open Icon\">\r\n\t\t\t\t\t\tVer trailer\t\t\t        <\/button>\r\n\t\t        <\/div>\r\n\t\t\t\t\t\t<\/div>\n\t\t\t\t<\/div>\n\t\t\t\t<\/div>\n\t\t\t\t\t<\/div>\n\t\t\t\t<\/div>\n\t\t<div class=\"elementor-element elementor-element-ab1be41 e-flex e-con-boxed e-con e-parent\" data-id=\"ab1be41\" data-element_type=\"container\" data-e-type=\"container\" data-settings=\"{&quot;wcf_enable_cursor_hover_effect_text&quot;:&quot;View&quot;,&quot;wcf-animation&quot;:&quot;none&quot;}\">\n\t\t\t\t\t<div class=\"e-con-inner\">\n\t\t\t\t<div class=\"elementor-element elementor-element-ebd0a93 gallery-spacing-custom elementor-widget elementor-widget-image-gallery\" data-id=\"ebd0a93\" data-element_type=\"widget\" data-e-type=\"widget\" data-settings=\"{&quot;wcf-animation&quot;:&quot;none&quot;}\" data-widget_type=\"image-gallery.default\">\n\t\t\t\t<div class=\"elementor-widget-container\">\n\t\t\t\t\t\t\t<div class=\"elementor-image-gallery\">\n\t\t\t<div id='gallery-1' class='gallery galleryid-15774 gallery-columns-5 gallery-size-thumbnail'><figure class='gallery-item'>\n\t\t\t<div class='gallery-icon landscape'>\n\t\t\t\t<a data-elementor-open-lightbox=\"yes\" data-elementor-lightbox-slideshow=\"ebd0a93\" data-elementor-lightbox-title=\"stills-PANTER-G_1.22.1\" data-e-action-hash=\"#elementor-action%3Aaction%3Dlightbox%26settings%3DeyJpZCI6MTY1NDIsInVybCI6Imh0dHBzOlwvXC9wcmltZXJhY3RvZmYub3JnXC93cC1jb250ZW50XC91cGxvYWRzXC8yMDI1XC8wM1wvc3RpbGxzLVBBTlRFUi1HXzEuMjIuMS5qcGciLCJzbGlkZXNob3ciOiJlYmQwYTkzIn0%3D\" href='https:\/\/primeractoff.org\/wp-content\/uploads\/2025\/03\/stills-PANTER-G_1.22.1.jpg'><img decoding=\"async\" width=\"150\" height=\"150\" src=\"https:\/\/primeractoff.org\/wp-content\/uploads\/2025\/03\/stills-PANTER-G_1.22.1-150x150.jpg\" class=\"attachment-thumbnail size-thumbnail\" alt=\"\" \/><\/a>\n\t\t\t<\/div><\/figure><figure class='gallery-item'>\n\t\t\t<div class='gallery-icon landscape'>\n\t\t\t\t<a data-elementor-open-lightbox=\"yes\" data-elementor-lightbox-slideshow=\"ebd0a93\" data-elementor-lightbox-title=\"Copy-of-stills-PANTER-G_1.17.1\" data-e-action-hash=\"#elementor-action%3Aaction%3Dlightbox%26settings%3DeyJpZCI6MTY1NDEsInVybCI6Imh0dHBzOlwvXC9wcmltZXJhY3RvZmYub3JnXC93cC1jb250ZW50XC91cGxvYWRzXC8yMDI1XC8wM1wvQ29weS1vZi1zdGlsbHMtUEFOVEVSLUdfMS4xNy4xLmpwZyIsInNsaWRlc2hvdyI6ImViZDBhOTMifQ%3D%3D\" href='https:\/\/primeractoff.org\/wp-content\/uploads\/2025\/03\/Copy-of-stills-PANTER-G_1.17.1.jpg'><img decoding=\"async\" width=\"150\" height=\"150\" src=\"https:\/\/primeractoff.org\/wp-content\/uploads\/2025\/03\/Copy-of-stills-PANTER-G_1.17.1-150x150.jpg\" class=\"attachment-thumbnail size-thumbnail\" alt=\"\" \/><\/a>\n\t\t\t<\/div><\/figure><figure class='gallery-item'>\n\t\t\t<div class='gallery-icon landscape'>\n\t\t\t\t<a data-elementor-open-lightbox=\"yes\" data-elementor-lightbox-slideshow=\"ebd0a93\" data-elementor-lightbox-title=\"stills-PANTER-G_1.21.1\" data-e-action-hash=\"#elementor-action%3Aaction%3Dlightbox%26settings%3DeyJpZCI6MTY0MzksInVybCI6Imh0dHBzOlwvXC9wcmltZXJhY3RvZmYub3JnXC93cC1jb250ZW50XC91cGxvYWRzXC8yMDI1XC8wM1wvc3RpbGxzLVBBTlRFUi1HXzEuMjEuMS5qcGciLCJzbGlkZXNob3ciOiJlYmQwYTkzIn0%3D\" href='https:\/\/primeractoff.org\/wp-content\/uploads\/2025\/03\/stills-PANTER-G_1.21.1.jpg'><img loading=\"lazy\" decoding=\"async\" width=\"150\" height=\"150\" src=\"https:\/\/primeractoff.org\/wp-content\/uploads\/2025\/03\/stills-PANTER-G_1.21.1-150x150.jpg\" class=\"attachment-thumbnail size-thumbnail\" alt=\"\" \/><\/a>\n\t\t\t<\/div><\/figure><figure class='gallery-item'>\n\t\t\t<div class='gallery-icon portrait'>\n\t\t\t\t<a data-elementor-open-lightbox=\"yes\" data-elementor-lightbox-slideshow=\"ebd0a93\" data-elementor-lightbox-title=\"4aa1ef_c6bdb2964d2346d9aeb43da434f57650~mv2\" data-e-action-hash=\"#elementor-action%3Aaction%3Dlightbox%26settings%3DeyJpZCI6MTUzMjMsInVybCI6Imh0dHBzOlwvXC9wcmltZXJhY3RvZmYub3JnXC93cC1jb250ZW50XC91cGxvYWRzXC8yMDI1XC8wMVwvNGFhMWVmX2M2YmRiMjk2NGQyMzQ2ZDlhZWI0M2RhNDM0ZjU3NjUwbXYyLndlYnAiLCJzbGlkZXNob3ciOiJlYmQwYTkzIn0%3D\" href='https:\/\/primeractoff.org\/wp-content\/uploads\/2025\/01\/4aa1ef_c6bdb2964d2346d9aeb43da434f57650mv2.webp'><img loading=\"lazy\" decoding=\"async\" width=\"150\" height=\"150\" src=\"https:\/\/primeractoff.org\/wp-content\/uploads\/2025\/01\/4aa1ef_c6bdb2964d2346d9aeb43da434f57650mv2-150x150.webp\" class=\"attachment-thumbnail size-thumbnail\" alt=\"\" \/><\/a>\n\t\t\t<\/div><\/figure><figure class='gallery-item'>\n\t\t\t<div class='gallery-icon portrait'>\n\t\t\t\t<a data-elementor-open-lightbox=\"yes\" data-elementor-lightbox-slideshow=\"ebd0a93\" data-elementor-lightbox-title=\"4aa1ef_a28fecf3722346e0b5a6d51644241266~mv2\" data-e-action-hash=\"#elementor-action%3Aaction%3Dlightbox%26settings%3DeyJpZCI6MTUzMjQsInVybCI6Imh0dHBzOlwvXC9wcmltZXJhY3RvZmYub3JnXC93cC1jb250ZW50XC91cGxvYWRzXC8yMDI1XC8wMVwvNGFhMWVmX2EyOGZlY2YzNzIyMzQ2ZTBiNWE2ZDUxNjQ0MjQxMjY2bXYyLndlYnAiLCJzbGlkZXNob3ciOiJlYmQwYTkzIn0%3D\" href='https:\/\/primeractoff.org\/wp-content\/uploads\/2025\/01\/4aa1ef_a28fecf3722346e0b5a6d51644241266mv2.webp'><img loading=\"lazy\" decoding=\"async\" width=\"150\" height=\"150\" src=\"https:\/\/primeractoff.org\/wp-content\/uploads\/2025\/01\/4aa1ef_a28fecf3722346e0b5a6d51644241266mv2-150x150.webp\" class=\"attachment-thumbnail size-thumbnail\" alt=\"\" \/><\/a>\n\t\t\t<\/div><\/figure><figure class='gallery-item'>\n\t\t\t<div class='gallery-icon portrait'>\n\t\t\t\t<a data-elementor-open-lightbox=\"yes\" data-elementor-lightbox-slideshow=\"ebd0a93\" data-elementor-lightbox-title=\"4aa1ef_f8b7ed8d03e24cf5aeeab7bce0860279~mv2\" data-e-action-hash=\"#elementor-action%3Aaction%3Dlightbox%26settings%3DeyJpZCI6MTUzMjUsInVybCI6Imh0dHBzOlwvXC9wcmltZXJhY3RvZmYub3JnXC93cC1jb250ZW50XC91cGxvYWRzXC8yMDI1XC8wMVwvNGFhMWVmX2Y4YjdlZDhkMDNlMjRjZjVhZWVhYjdiY2UwODYwMjc5bXYyLndlYnAiLCJzbGlkZXNob3ciOiJlYmQwYTkzIn0%3D\" href='https:\/\/primeractoff.org\/wp-content\/uploads\/2025\/01\/4aa1ef_f8b7ed8d03e24cf5aeeab7bce0860279mv2.webp'><img loading=\"lazy\" decoding=\"async\" width=\"150\" height=\"150\" src=\"https:\/\/primeractoff.org\/wp-content\/uploads\/2025\/01\/4aa1ef_f8b7ed8d03e24cf5aeeab7bce0860279mv2-150x150.webp\" class=\"attachment-thumbnail size-thumbnail\" alt=\"\" \/><\/a>\n\t\t\t<\/div><\/figure><figure class='gallery-item'>\n\t\t\t<div class='gallery-icon portrait'>\n\t\t\t\t<a data-elementor-open-lightbox=\"yes\" data-elementor-lightbox-slideshow=\"ebd0a93\" data-elementor-lightbox-title=\"4aa1ef_b17a34e9e35e41759f5da547bd81fe6c~mv2\" data-e-action-hash=\"#elementor-action%3Aaction%3Dlightbox%26settings%3DeyJpZCI6MTUzMjYsInVybCI6Imh0dHBzOlwvXC9wcmltZXJhY3RvZmYub3JnXC93cC1jb250ZW50XC91cGxvYWRzXC8yMDI1XC8wMVwvNGFhMWVmX2IxN2EzNGU5ZTM1ZTQxNzU5ZjVkYTU0N2JkODFmZTZjbXYyLndlYnAiLCJzbGlkZXNob3ciOiJlYmQwYTkzIn0%3D\" href='https:\/\/primeractoff.org\/wp-content\/uploads\/2025\/01\/4aa1ef_b17a34e9e35e41759f5da547bd81fe6cmv2.webp'><img loading=\"lazy\" decoding=\"async\" width=\"150\" height=\"150\" src=\"https:\/\/primeractoff.org\/wp-content\/uploads\/2025\/01\/4aa1ef_b17a34e9e35e41759f5da547bd81fe6cmv2-150x150.webp\" class=\"attachment-thumbnail size-thumbnail\" alt=\"\" \/><\/a>\n\t\t\t<\/div><\/figure><figure class='gallery-item'>\n\t\t\t<div class='gallery-icon portrait'>\n\t\t\t\t<a data-elementor-open-lightbox=\"yes\" data-elementor-lightbox-slideshow=\"ebd0a93\" data-elementor-lightbox-title=\"4aa1ef_120432af80f04035acff236a568ea5f6~mv2\" data-e-action-hash=\"#elementor-action%3Aaction%3Dlightbox%26settings%3DeyJpZCI6MTUzMjcsInVybCI6Imh0dHBzOlwvXC9wcmltZXJhY3RvZmYub3JnXC93cC1jb250ZW50XC91cGxvYWRzXC8yMDI1XC8wMVwvNGFhMWVmXzEyMDQzMmFmODBmMDQwMzVhY2ZmMjM2YTU2OGVhNWY2bXYyLndlYnAiLCJzbGlkZXNob3ciOiJlYmQwYTkzIn0%3D\" href='https:\/\/primeractoff.org\/wp-content\/uploads\/2025\/01\/4aa1ef_120432af80f04035acff236a568ea5f6mv2.webp'><img loading=\"lazy\" decoding=\"async\" width=\"150\" height=\"150\" src=\"https:\/\/primeractoff.org\/wp-content\/uploads\/2025\/01\/4aa1ef_120432af80f04035acff236a568ea5f6mv2-150x150.webp\" class=\"attachment-thumbnail size-thumbnail\" alt=\"\" \/><\/a>\n\t\t\t<\/div><\/figure><figure class='gallery-item'>\n\t\t\t<div class='gallery-icon portrait'>\n\t\t\t\t<a data-elementor-open-lightbox=\"yes\" data-elementor-lightbox-slideshow=\"ebd0a93\" data-elementor-lightbox-title=\"4aa1ef_72e019de67cf4847a05f2e84791e7914~mv2\" data-e-action-hash=\"#elementor-action%3Aaction%3Dlightbox%26settings%3DeyJpZCI6MTUzMjgsInVybCI6Imh0dHBzOlwvXC9wcmltZXJhY3RvZmYub3JnXC93cC1jb250ZW50XC91cGxvYWRzXC8yMDI1XC8wMVwvNGFhMWVmXzcyZTAxOWRlNjdjZjQ4NDdhMDVmMmU4NDc5MWU3OTE0bXYyLndlYnAiLCJzbGlkZXNob3ciOiJlYmQwYTkzIn0%3D\" href='https:\/\/primeractoff.org\/wp-content\/uploads\/2025\/01\/4aa1ef_72e019de67cf4847a05f2e84791e7914mv2.webp'><img loading=\"lazy\" decoding=\"async\" width=\"150\" height=\"150\" src=\"https:\/\/primeractoff.org\/wp-content\/uploads\/2025\/01\/4aa1ef_72e019de67cf4847a05f2e84791e7914mv2-150x150.webp\" class=\"attachment-thumbnail size-thumbnail\" alt=\"\" \/><\/a>\n\t\t\t<\/div><\/figure><figure class='gallery-item'>\n\t\t\t<div class='gallery-icon portrait'>\n\t\t\t\t<a data-elementor-open-lightbox=\"yes\" data-elementor-lightbox-slideshow=\"ebd0a93\" data-elementor-lightbox-title=\"4aa1ef_11387b37511d46b882d71af10cf47cd6~mv2\" data-e-action-hash=\"#elementor-action%3Aaction%3Dlightbox%26settings%3DeyJpZCI6MTUzMjksInVybCI6Imh0dHBzOlwvXC9wcmltZXJhY3RvZmYub3JnXC93cC1jb250ZW50XC91cGxvYWRzXC8yMDI1XC8wMVwvNGFhMWVmXzExMzg3YjM3NTExZDQ2Yjg4MmQ3MWFmMTBjZjQ3Y2Q2bXYyLndlYnAiLCJzbGlkZXNob3ciOiJlYmQwYTkzIn0%3D\" href='https:\/\/primeractoff.org\/wp-content\/uploads\/2025\/01\/4aa1ef_11387b37511d46b882d71af10cf47cd6mv2.webp'><img loading=\"lazy\" decoding=\"async\" width=\"150\" height=\"150\" src=\"https:\/\/primeractoff.org\/wp-content\/uploads\/2025\/01\/4aa1ef_11387b37511d46b882d71af10cf47cd6mv2-150x150.webp\" class=\"attachment-thumbnail size-thumbnail\" alt=\"\" \/><\/a>\n\t\t\t<\/div><\/figure><figure class='gallery-item'>\n\t\t\t<div class='gallery-icon portrait'>\n\t\t\t\t<a data-elementor-open-lightbox=\"yes\" data-elementor-lightbox-slideshow=\"ebd0a93\" data-elementor-lightbox-title=\"4aa1ef_b4e57b36da73454ba969987d750a1391~mv2\" data-e-action-hash=\"#elementor-action%3Aaction%3Dlightbox%26settings%3DeyJpZCI6MTUzMzAsInVybCI6Imh0dHBzOlwvXC9wcmltZXJhY3RvZmYub3JnXC93cC1jb250ZW50XC91cGxvYWRzXC8yMDI1XC8wMVwvNGFhMWVmX2I0ZTU3YjM2ZGE3MzQ1NGJhOTY5OTg3ZDc1MGExMzkxbXYyLndlYnAiLCJzbGlkZXNob3ciOiJlYmQwYTkzIn0%3D\" href='https:\/\/primeractoff.org\/wp-content\/uploads\/2025\/01\/4aa1ef_b4e57b36da73454ba969987d750a1391mv2.webp'><img loading=\"lazy\" decoding=\"async\" width=\"150\" height=\"150\" src=\"https:\/\/primeractoff.org\/wp-content\/uploads\/2025\/01\/4aa1ef_b4e57b36da73454ba969987d750a1391mv2-150x150.webp\" class=\"attachment-thumbnail size-thumbnail\" alt=\"\" \/><\/a>\n\t\t\t<\/div><\/figure><figure class='gallery-item'>\n\t\t\t<div class='gallery-icon portrait'>\n\t\t\t\t<a data-elementor-open-lightbox=\"yes\" data-elementor-lightbox-slideshow=\"ebd0a93\" data-elementor-lightbox-title=\"4aa1ef_c0499e7d70574708b06dedb75fcf40ac~mv2\" data-e-action-hash=\"#elementor-action%3Aaction%3Dlightbox%26settings%3DeyJpZCI6MTUzMzEsInVybCI6Imh0dHBzOlwvXC9wcmltZXJhY3RvZmYub3JnXC93cC1jb250ZW50XC91cGxvYWRzXC8yMDI1XC8wMVwvNGFhMWVmX2MwNDk5ZTdkNzA1NzQ3MDhiMDZkZWRiNzVmY2Y0MGFjbXYyLndlYnAiLCJzbGlkZXNob3ciOiJlYmQwYTkzIn0%3D\" href='https:\/\/primeractoff.org\/wp-content\/uploads\/2025\/01\/4aa1ef_c0499e7d70574708b06dedb75fcf40acmv2.webp'><img loading=\"lazy\" decoding=\"async\" width=\"150\" height=\"150\" src=\"https:\/\/primeractoff.org\/wp-content\/uploads\/2025\/01\/4aa1ef_c0499e7d70574708b06dedb75fcf40acmv2-150x150.webp\" class=\"attachment-thumbnail size-thumbnail\" alt=\"\" \/><\/a>\n\t\t\t<\/div><\/figure><figure class='gallery-item'>\n\t\t\t<div class='gallery-icon portrait'>\n\t\t\t\t<a data-elementor-open-lightbox=\"yes\" data-elementor-lightbox-slideshow=\"ebd0a93\" data-elementor-lightbox-title=\"4aa1ef_de5c3826fba64fcfbf23904d63b43eb4~mv2\" data-e-action-hash=\"#elementor-action%3Aaction%3Dlightbox%26settings%3DeyJpZCI6MTUzMzIsInVybCI6Imh0dHBzOlwvXC9wcmltZXJhY3RvZmYub3JnXC93cC1jb250ZW50XC91cGxvYWRzXC8yMDI1XC8wMVwvNGFhMWVmX2RlNWMzODI2ZmJhNjRmY2ZiZjIzOTA0ZDYzYjQzZWI0bXYyLndlYnAiLCJzbGlkZXNob3ciOiJlYmQwYTkzIn0%3D\" href='https:\/\/primeractoff.org\/wp-content\/uploads\/2025\/01\/4aa1ef_de5c3826fba64fcfbf23904d63b43eb4mv2.webp'><img loading=\"lazy\" decoding=\"async\" width=\"150\" height=\"150\" src=\"https:\/\/primeractoff.org\/wp-content\/uploads\/2025\/01\/4aa1ef_de5c3826fba64fcfbf23904d63b43eb4mv2-150x150.webp\" class=\"attachment-thumbnail size-thumbnail\" alt=\"\" \/><\/a>\n\t\t\t<\/div><\/figure><figure class='gallery-item'>\n\t\t\t<div class='gallery-icon portrait'>\n\t\t\t\t<a data-elementor-open-lightbox=\"yes\" data-elementor-lightbox-slideshow=\"ebd0a93\" data-elementor-lightbox-title=\"4aa1ef_6b01575a817e4bff9585c31576bf3ef2~mv2\" data-e-action-hash=\"#elementor-action%3Aaction%3Dlightbox%26settings%3DeyJpZCI6MTUzMzMsInVybCI6Imh0dHBzOlwvXC9wcmltZXJhY3RvZmYub3JnXC93cC1jb250ZW50XC91cGxvYWRzXC8yMDI1XC8wMVwvNGFhMWVmXzZiMDE1NzVhODE3ZTRiZmY5NTg1YzMxNTc2YmYzZWYybXYyLndlYnAiLCJzbGlkZXNob3ciOiJlYmQwYTkzIn0%3D\" href='https:\/\/primeractoff.org\/wp-content\/uploads\/2025\/01\/4aa1ef_6b01575a817e4bff9585c31576bf3ef2mv2.webp'><img loading=\"lazy\" decoding=\"async\" width=\"150\" height=\"150\" src=\"https:\/\/primeractoff.org\/wp-content\/uploads\/2025\/01\/4aa1ef_6b01575a817e4bff9585c31576bf3ef2mv2-150x150.webp\" class=\"attachment-thumbnail size-thumbnail\" alt=\"\" \/><\/a>\n\t\t\t<\/div><\/figure><figure class='gallery-item'>\n\t\t\t<div class='gallery-icon landscape'>\n\t\t\t\t<a data-elementor-open-lightbox=\"yes\" data-elementor-lightbox-slideshow=\"ebd0a93\" data-elementor-lightbox-title=\"4aa1ef_a632635fd16e4654a6c65f221a600067~mv2\" data-e-action-hash=\"#elementor-action%3Aaction%3Dlightbox%26settings%3DeyJpZCI6MTUzMzUsInVybCI6Imh0dHBzOlwvXC9wcmltZXJhY3RvZmYub3JnXC93cC1jb250ZW50XC91cGxvYWRzXC8yMDI1XC8wMVwvNGFhMWVmX2E2MzI2MzVmZDE2ZTQ2NTRhNmM2NWYyMjFhNjAwMDY3bXYyLndlYnAiLCJzbGlkZXNob3ciOiJlYmQwYTkzIn0%3D\" href='https:\/\/primeractoff.org\/wp-content\/uploads\/2025\/01\/4aa1ef_a632635fd16e4654a6c65f221a600067mv2.webp'><img loading=\"lazy\" decoding=\"async\" width=\"150\" height=\"150\" src=\"https:\/\/primeractoff.org\/wp-content\/uploads\/2025\/01\/4aa1ef_a632635fd16e4654a6c65f221a600067mv2-150x150.webp\" class=\"attachment-thumbnail size-thumbnail\" alt=\"\" \/><\/a>\n\t\t\t<\/div><\/figure><figure class='gallery-item'>\n\t\t\t<div class='gallery-icon portrait'>\n\t\t\t\t<a data-elementor-open-lightbox=\"yes\" data-elementor-lightbox-slideshow=\"ebd0a93\" data-elementor-lightbox-title=\"4aa1ef_672125376bee4277a7e61fad492e7b94~mv2\" data-e-action-hash=\"#elementor-action%3Aaction%3Dlightbox%26settings%3DeyJpZCI6MTUzMTcsInVybCI6Imh0dHBzOlwvXC9wcmltZXJhY3RvZmYub3JnXC93cC1jb250ZW50XC91cGxvYWRzXC8yMDI1XC8wMVwvNGFhMWVmXzY3MjEyNTM3NmJlZTQyNzdhN2U2MWZhZDQ5MmU3Yjk0bXYyLndlYnAiLCJzbGlkZXNob3ciOiJlYmQwYTkzIn0%3D\" href='https:\/\/primeractoff.org\/wp-content\/uploads\/2025\/01\/4aa1ef_672125376bee4277a7e61fad492e7b94mv2.webp'><img loading=\"lazy\" decoding=\"async\" width=\"150\" height=\"150\" src=\"https:\/\/primeractoff.org\/wp-content\/uploads\/2025\/01\/4aa1ef_672125376bee4277a7e61fad492e7b94mv2-150x150.webp\" class=\"attachment-thumbnail size-thumbnail\" alt=\"\" \/><\/a>\n\t\t\t<\/div><\/figure>\n\t\t<\/div>\n\t\t<\/div>\n\t\t\t\t\t\t<\/div>\n\t\t\t\t<\/div>\n\t\t\t\t\t<\/div>\n\t\t\t\t<\/div>\n\t\t\t\t<\/div>","protected":false},"excerpt":{"rendered":"<p>SinopsisPanther G La trama se centra en la conmovedora historia de \u00c1gata, una figura central cuya vida se ve envuelta en misterio y desaf\u00edos emocionales. La historia se intensifica con la introducci\u00f3n de un enigm\u00e1tico autor de ciencia ficci\u00f3n, conocido solo por su seud\u00f3nimo, Panther G. La interacci\u00f3n entre Agata y este misterioso personaje teje [&hellip;]<\/p>\n","protected":false},"author":1,"featured_media":0,"parent":15231,"menu_order":0,"comment_status":"closed","ping_status":"closed","template":"elementor_header_footer","meta":{"footnotes":""},"class_list":["post-15774","page","type-page","status-publish","hentry"],"_links":{"self":[{"href":"https:\/\/primeractoff.org\/en\/wp-json\/wp\/v2\/pages\/15774","targetHints":{"allow":["GET"]}}],"collection":[{"href":"https:\/\/primeractoff.org\/en\/wp-json\/wp\/v2\/pages"}],"about":[{"href":"https:\/\/primeractoff.org\/en\/wp-json\/wp\/v2\/types\/page"}],"author":[{"embeddable":true,"href":"https:\/\/primeractoff.org\/en\/wp-json\/wp\/v2\/users\/1"}],"replies":[{"embeddable":true,"href":"https:\/\/primeractoff.org\/en\/wp-json\/wp\/v2\/comments?post=15774"}],"version-history":[{"count":34,"href":"https:\/\/primeractoff.org\/en\/wp-json\/wp\/v2\/pages\/15774\/revisions"}],"predecessor-version":[{"id":17318,"href":"https:\/\/primeractoff.org\/en\/wp-json\/wp\/v2\/pages\/15774\/revisions\/17318"}],"up":[{"embeddable":true,"href":"https:\/\/primeractoff.org\/en\/wp-json\/wp\/v2\/pages\/15231"}],"wp:attachment":[{"href":"https:\/\/primeractoff.org\/en\/wp-json\/wp\/v2\/media?parent=15774"}],"curies":[{"name":"wp","href":"https:\/\/api.w.org\/{rel}","templated":true}]}}