{"id":16341,"date":"2025-03-27T17:36:23","date_gmt":"2025-03-27T16:36:23","guid":{"rendered":"https:\/\/primeractoff.org\/?page_id=16341"},"modified":"2025-04-25T00:53:12","modified_gmt":"2025-04-24T22:53:12","slug":"la-familia-que-se-elige","status":"publish","type":"page","link":"https:\/\/primeractoff.org\/en\/paffteatro\/grandes-producciones\/la-familia-que-se-elige\/","title":{"rendered":"La Familia que se Elige"},"content":{"rendered":"<div data-elementor-type=\"wp-page\" data-elementor-id=\"16341\" class=\"elementor elementor-16341\">\n\t\t\t\t<div class=\"elementor-element elementor-element-f178b08 e-flex e-con-boxed e-con e-parent\" data-id=\"f178b08\" data-element_type=\"container\" data-e-type=\"container\" data-settings=\"{&quot;wcf_enable_cursor_hover_effect_text&quot;:&quot;View&quot;,&quot;wcf-animation&quot;:&quot;none&quot;}\">\n\t\t\t\t\t<div class=\"e-con-inner\">\n\t\t<div class=\"elementor-element elementor-element-1ff6f6f e-con-full e-flex e-con e-child\" data-id=\"1ff6f6f\" data-element_type=\"container\" data-e-type=\"container\" data-settings=\"{&quot;wcf_enable_cursor_hover_effect_text&quot;:&quot;View&quot;,&quot;wcf-animation&quot;:&quot;none&quot;}\">\n\t\t\t\t<div class=\"elementor-element elementor-element-839bd4d elementor-widget elementor-widget-image\" data-id=\"839bd4d\" data-element_type=\"widget\" data-e-type=\"widget\" data-settings=\"{&quot;wcf-image-animation&quot;:&quot;none&quot;,&quot;wcf-animation&quot;:&quot;none&quot;}\" data-widget_type=\"image.default\">\n\t\t\t\t<div class=\"elementor-widget-container\">\n\t\t\t\t\t\t\t\t\t\t\t\t\t\t\t<img fetchpriority=\"high\" decoding=\"async\" width=\"476\" height=\"706\" src=\"https:\/\/primeractoff.org\/wp-content\/uploads\/2025\/01\/PHOTO-2023-04-13-20-16-31.jpg\" class=\"attachment-full size-full wp-image-15618\" alt=\"\" srcset=\"https:\/\/primeractoff.org\/wp-content\/uploads\/2025\/01\/PHOTO-2023-04-13-20-16-31.jpg 476w, https:\/\/primeractoff.org\/wp-content\/uploads\/2025\/01\/PHOTO-2023-04-13-20-16-31-202x300.jpg 202w\" sizes=\"(max-width: 476px) 100vw, 476px\" \/>\t\t\t\t\t\t\t\t\t\t\t\t\t\t\t<\/div>\n\t\t\t\t<\/div>\n\t\t\t\t<\/div>\n\t\t<div class=\"elementor-element elementor-element-3475dd5 e-con-full e-flex e-con e-child\" data-id=\"3475dd5\" data-element_type=\"container\" data-e-type=\"container\" data-settings=\"{&quot;wcf_enable_cursor_hover_effect_text&quot;:&quot;View&quot;,&quot;wcf-animation&quot;:&quot;none&quot;}\">\n\t\t\t\t<div class=\"elementor-element elementor-element-1abda15 wcf-t-animation-text_move elementor-widget elementor-widget-wcf--title\" data-id=\"1abda15\" data-element_type=\"widget\" data-e-type=\"widget\" data-settings=\"{&quot;wcf_text_animation&quot;:&quot;text_move&quot;,&quot;text_transform_origin&quot;:&quot;top center -50&quot;,&quot;text_delay&quot;:0.15,&quot;text_duration&quot;:1,&quot;text_stagger&quot;:0.02,&quot;text_on_scroll&quot;:&quot;yes&quot;,&quot;text_rotation_di&quot;:&quot;x&quot;,&quot;text_rotation&quot;:&quot;-80&quot;,&quot;wcf-animation&quot;:&quot;none&quot;}\" data-widget_type=\"wcf--title.default\">\n\t\t\t\t<div class=\"elementor-widget-container\">\n\t\t\t\t\t<h2 class=\"wcf--title\">Synopsis<\/h2>\t\t\t\t<\/div>\n\t\t\t\t<\/div>\n\t\t\t\t<div class=\"elementor-element elementor-element-ac0e470 wcf-t-animation-text_move elementor-widget elementor-widget-wcf--title\" data-id=\"ac0e470\" data-element_type=\"widget\" data-e-type=\"widget\" data-settings=\"{&quot;wcf_text_animation&quot;:&quot;text_move&quot;,&quot;text_transform_origin&quot;:&quot;top center -50&quot;,&quot;text_delay&quot;:0.15,&quot;text_duration&quot;:1,&quot;text_stagger&quot;:0.02,&quot;text_on_scroll&quot;:&quot;yes&quot;,&quot;text_rotation_di&quot;:&quot;x&quot;,&quot;text_rotation&quot;:&quot;-80&quot;,&quot;wcf-animation&quot;:&quot;none&quot;}\" data-widget_type=\"wcf--title.default\">\n\t\t\t\t<div class=\"elementor-widget-container\">\n\t\t\t\t\t<h2 class=\"wcf--title\">La Familia que se Elige<\/h2>\t\t\t\t<\/div>\n\t\t\t\t<\/div>\n\t\t\t\t<div class=\"elementor-element elementor-element-4d43a1f wcf-t-animation-text_move elementor-widget elementor-widget-wcf--text\" data-id=\"4d43a1f\" data-element_type=\"widget\" data-e-type=\"widget\" data-settings=\"{&quot;wcf_text_animation&quot;:&quot;text_move&quot;,&quot;text_transform_origin&quot;:&quot;top center -50&quot;,&quot;text_delay&quot;:0.15,&quot;text_duration&quot;:1,&quot;text_stagger&quot;:0.02,&quot;text_on_scroll&quot;:&quot;yes&quot;,&quot;text_rotation_di&quot;:&quot;x&quot;,&quot;text_rotation&quot;:&quot;-80&quot;,&quot;wcf-animation&quot;:&quot;none&quot;}\" data-widget_type=\"wcf--text.default\">\n\t\t\t\t<div class=\"elementor-widget-container\">\n\t\t\t\t\t<div class=\"wcf--text\"><p>The Family That Is Chosen began as a production project within our theater workshop (in collaboration with CELT) with the goal of giving our students the opportunity to experience a real stage production. This play not only allows those already trained as actors to perfect their performances, but also opens the doors to the stage to those with no prior theater experience.<\/p><\/div>\t\t\t\t<\/div>\n\t\t\t\t<\/div>\n\t\t\t\t<div class=\"elementor-element elementor-element-cbcc35b gallery-spacing-custom elementor-widget elementor-widget-image-gallery\" data-id=\"cbcc35b\" data-element_type=\"widget\" data-e-type=\"widget\" data-settings=\"{&quot;wcf-animation&quot;:&quot;none&quot;}\" data-widget_type=\"image-gallery.default\">\n\t\t\t\t<div class=\"elementor-widget-container\">\n\t\t\t\t\t\t\t<div class=\"elementor-image-gallery\">\n\t\t\t<div id='gallery-1' class='gallery galleryid-16341 gallery-columns-4 gallery-size-thumbnail'><figure class='gallery-item'>\n\t\t\t<div class='gallery-icon portrait'>\n\t\t\t\t<a data-elementor-open-lightbox=\"yes\" data-elementor-lightbox-slideshow=\"cbcc35b\" data-elementor-lightbox-title=\"fc390a96-9772-44a8-9b95-c8b0d20d839a\" data-e-action-hash=\"#elementor-action%3Aaction%3Dlightbox%26settings%3DeyJpZCI6MTYzNTEsInVybCI6Imh0dHBzOlwvXC9wcmltZXJhY3RvZmYub3JnXC93cC1jb250ZW50XC91cGxvYWRzXC8yMDI1XC8wM1wvZmMzOTBhOTYtOTc3Mi00NGE4LTliOTUtYzhiMGQyMGQ4MzlhLmpwZyIsInNsaWRlc2hvdyI6ImNiY2MzNWIifQ%3D%3D\" href='https:\/\/primeractoff.org\/wp-content\/uploads\/2025\/03\/fc390a96-9772-44a8-9b95-c8b0d20d839a.jpg'><img decoding=\"async\" width=\"150\" height=\"150\" src=\"https:\/\/primeractoff.org\/wp-content\/uploads\/2025\/03\/fc390a96-9772-44a8-9b95-c8b0d20d839a-150x150.jpg\" class=\"attachment-thumbnail size-thumbnail\" alt=\"\" \/><\/a>\n\t\t\t<\/div><\/figure><figure class='gallery-item'>\n\t\t\t<div class='gallery-icon portrait'>\n\t\t\t\t<a data-elementor-open-lightbox=\"yes\" data-elementor-lightbox-slideshow=\"cbcc35b\" data-elementor-lightbox-title=\"f4491d53-2bf9-403d-a0a2-e28d61913ae1\" data-e-action-hash=\"#elementor-action%3Aaction%3Dlightbox%26settings%3DeyJpZCI6MTYzNTAsInVybCI6Imh0dHBzOlwvXC9wcmltZXJhY3RvZmYub3JnXC93cC1jb250ZW50XC91cGxvYWRzXC8yMDI1XC8wM1wvZjQ0OTFkNTMtMmJmOS00MDNkLWEwYTItZTI4ZDYxOTEzYWUxLmpwZyIsInNsaWRlc2hvdyI6ImNiY2MzNWIifQ%3D%3D\" href='https:\/\/primeractoff.org\/wp-content\/uploads\/2025\/03\/f4491d53-2bf9-403d-a0a2-e28d61913ae1.jpg'><img decoding=\"async\" width=\"150\" height=\"150\" src=\"https:\/\/primeractoff.org\/wp-content\/uploads\/2025\/03\/f4491d53-2bf9-403d-a0a2-e28d61913ae1-150x150.jpg\" class=\"attachment-thumbnail size-thumbnail\" alt=\"\" \/><\/a>\n\t\t\t<\/div><\/figure><figure class='gallery-item'>\n\t\t\t<div class='gallery-icon landscape'>\n\t\t\t\t<a data-elementor-open-lightbox=\"yes\" data-elementor-lightbox-slideshow=\"cbcc35b\" data-elementor-lightbox-title=\"ee634db9-0cfe-46b6-ae42-2d403c27cf06\" data-e-action-hash=\"#elementor-action%3Aaction%3Dlightbox%26settings%3DeyJpZCI6MTYzNDksInVybCI6Imh0dHBzOlwvXC9wcmltZXJhY3RvZmYub3JnXC93cC1jb250ZW50XC91cGxvYWRzXC8yMDI1XC8wM1wvZWU2MzRkYjktMGNmZS00NmI2LWFlNDItMmQ0MDNjMjdjZjA2LmpwZyIsInNsaWRlc2hvdyI6ImNiY2MzNWIifQ%3D%3D\" href='https:\/\/primeractoff.org\/wp-content\/uploads\/2025\/03\/ee634db9-0cfe-46b6-ae42-2d403c27cf06.jpg'><img loading=\"lazy\" decoding=\"async\" width=\"150\" height=\"150\" src=\"https:\/\/primeractoff.org\/wp-content\/uploads\/2025\/03\/ee634db9-0cfe-46b6-ae42-2d403c27cf06-150x150.jpg\" class=\"attachment-thumbnail size-thumbnail\" alt=\"\" \/><\/a>\n\t\t\t<\/div><\/figure><figure class='gallery-item'>\n\t\t\t<div class='gallery-icon landscape'>\n\t\t\t\t<a data-elementor-open-lightbox=\"yes\" data-elementor-lightbox-slideshow=\"cbcc35b\" data-elementor-lightbox-title=\"c44f8704-bf95-42b0-9ee6-74924146c67b\" data-e-action-hash=\"#elementor-action%3Aaction%3Dlightbox%26settings%3DeyJpZCI6MTYzNDgsInVybCI6Imh0dHBzOlwvXC9wcmltZXJhY3RvZmYub3JnXC93cC1jb250ZW50XC91cGxvYWRzXC8yMDI1XC8wM1wvYzQ0Zjg3MDQtYmY5NS00MmIwLTllZTYtNzQ5MjQxNDZjNjdiLmpwZyIsInNsaWRlc2hvdyI6ImNiY2MzNWIifQ%3D%3D\" href='https:\/\/primeractoff.org\/wp-content\/uploads\/2025\/03\/c44f8704-bf95-42b0-9ee6-74924146c67b.jpg'><img loading=\"lazy\" decoding=\"async\" width=\"150\" height=\"150\" src=\"https:\/\/primeractoff.org\/wp-content\/uploads\/2025\/03\/c44f8704-bf95-42b0-9ee6-74924146c67b-150x150.jpg\" class=\"attachment-thumbnail size-thumbnail\" alt=\"\" \/><\/a>\n\t\t\t<\/div><\/figure><figure class='gallery-item'>\n\t\t\t<div class='gallery-icon landscape'>\n\t\t\t\t<a data-elementor-open-lightbox=\"yes\" data-elementor-lightbox-slideshow=\"cbcc35b\" data-elementor-lightbox-title=\"b959bc67-012a-47e2-9f8f-347424c1e992\" data-e-action-hash=\"#elementor-action%3Aaction%3Dlightbox%26settings%3DeyJpZCI6MTYzNDcsInVybCI6Imh0dHBzOlwvXC9wcmltZXJhY3RvZmYub3JnXC93cC1jb250ZW50XC91cGxvYWRzXC8yMDI1XC8wM1wvYjk1OWJjNjctMDEyYS00N2UyLTlmOGYtMzQ3NDI0YzFlOTkyLmpwZyIsInNsaWRlc2hvdyI6ImNiY2MzNWIifQ%3D%3D\" href='https:\/\/primeractoff.org\/wp-content\/uploads\/2025\/03\/b959bc67-012a-47e2-9f8f-347424c1e992.jpg'><img loading=\"lazy\" decoding=\"async\" width=\"150\" height=\"150\" src=\"https:\/\/primeractoff.org\/wp-content\/uploads\/2025\/03\/b959bc67-012a-47e2-9f8f-347424c1e992-150x150.jpg\" class=\"attachment-thumbnail size-thumbnail\" alt=\"\" \/><\/a>\n\t\t\t<\/div><\/figure><figure class='gallery-item'>\n\t\t\t<div class='gallery-icon landscape'>\n\t\t\t\t<a data-elementor-open-lightbox=\"yes\" data-elementor-lightbox-slideshow=\"cbcc35b\" data-elementor-lightbox-title=\"9d486ce5-1046-4d86-855d-090a1376fbf7\" data-e-action-hash=\"#elementor-action%3Aaction%3Dlightbox%26settings%3DeyJpZCI6MTYzNDYsInVybCI6Imh0dHBzOlwvXC9wcmltZXJhY3RvZmYub3JnXC93cC1jb250ZW50XC91cGxvYWRzXC8yMDI1XC8wM1wvOWQ0ODZjZTUtMTA0Ni00ZDg2LTg1NWQtMDkwYTEzNzZmYmY3LmpwZyIsInNsaWRlc2hvdyI6ImNiY2MzNWIifQ%3D%3D\" href='https:\/\/primeractoff.org\/wp-content\/uploads\/2025\/03\/9d486ce5-1046-4d86-855d-090a1376fbf7.jpg'><img loading=\"lazy\" decoding=\"async\" width=\"150\" height=\"150\" src=\"https:\/\/primeractoff.org\/wp-content\/uploads\/2025\/03\/9d486ce5-1046-4d86-855d-090a1376fbf7-150x150.jpg\" class=\"attachment-thumbnail size-thumbnail\" alt=\"\" \/><\/a>\n\t\t\t<\/div><\/figure><figure class='gallery-item'>\n\t\t\t<div class='gallery-icon portrait'>\n\t\t\t\t<a data-elementor-open-lightbox=\"yes\" data-elementor-lightbox-slideshow=\"cbcc35b\" data-elementor-lightbox-title=\"8ec36e86-cfb0-46b0-b1d2-434734f18b96\" data-e-action-hash=\"#elementor-action%3Aaction%3Dlightbox%26settings%3DeyJpZCI6MTYzNDUsInVybCI6Imh0dHBzOlwvXC9wcmltZXJhY3RvZmYub3JnXC93cC1jb250ZW50XC91cGxvYWRzXC8yMDI1XC8wM1wvOGVjMzZlODYtY2ZiMC00NmIwLWIxZDItNDM0NzM0ZjE4Yjk2LmpwZyIsInNsaWRlc2hvdyI6ImNiY2MzNWIifQ%3D%3D\" href='https:\/\/primeractoff.org\/wp-content\/uploads\/2025\/03\/8ec36e86-cfb0-46b0-b1d2-434734f18b96.jpg'><img loading=\"lazy\" decoding=\"async\" width=\"150\" height=\"150\" src=\"https:\/\/primeractoff.org\/wp-content\/uploads\/2025\/03\/8ec36e86-cfb0-46b0-b1d2-434734f18b96-150x150.jpg\" class=\"attachment-thumbnail size-thumbnail\" alt=\"\" \/><\/a>\n\t\t\t<\/div><\/figure>\n\t\t<\/div>\n\t\t<\/div>\n\t\t\t\t\t\t<\/div>\n\t\t\t\t<\/div>\n\t\t\t\t<div class=\"elementor-element elementor-element-273ff6e elementor-widget elementor-widget-video\" data-id=\"273ff6e\" data-element_type=\"widget\" data-e-type=\"widget\" data-settings=\"{&quot;youtube_url&quot;:&quot;https:\\\/\\\/www.youtube.com\\\/watch?v=9fPiUSx_vL8&quot;,&quot;video_type&quot;:&quot;youtube&quot;,&quot;controls&quot;:&quot;yes&quot;,&quot;wcf-animation&quot;:&quot;none&quot;}\" data-widget_type=\"video.default\">\n\t\t\t\t<div class=\"elementor-widget-container\">\n\t\t\t\t\t\t\t<div class=\"elementor-wrapper elementor-open-inline\">\n\t\t\t<div class=\"elementor-video\"><\/div>\t\t<\/div>\n\t\t\t\t\t\t<\/div>\n\t\t\t\t<\/div>\n\t\t\t\t<\/div>\n\t\t\t\t\t<\/div>\n\t\t\t\t<\/div>\n\t\t\t\t<\/div>","protected":false},"excerpt":{"rendered":"<p>Sinopsis La Familia que se Elige La Familia Que Se Elige naci\u00f3 como un proyecto de montaje dentro de nuestro taller de teatro, (En colaboraci\u00f3n con CELT) con el objetivo de brindar a nuestros alumnos la oportunidad de vivir la experiencia de una producci\u00f3n esc\u00e9nica real. Esta obra no solo permite que quienes ya tienen [&hellip;]<\/p>\n","protected":false},"author":1,"featured_media":0,"parent":15703,"menu_order":0,"comment_status":"closed","ping_status":"closed","template":"elementor_header_footer","meta":{"footnotes":""},"class_list":["post-16341","page","type-page","status-publish","hentry"],"_links":{"self":[{"href":"https:\/\/primeractoff.org\/en\/wp-json\/wp\/v2\/pages\/16341","targetHints":{"allow":["GET"]}}],"collection":[{"href":"https:\/\/primeractoff.org\/en\/wp-json\/wp\/v2\/pages"}],"about":[{"href":"https:\/\/primeractoff.org\/en\/wp-json\/wp\/v2\/types\/page"}],"author":[{"embeddable":true,"href":"https:\/\/primeractoff.org\/en\/wp-json\/wp\/v2\/users\/1"}],"replies":[{"embeddable":true,"href":"https:\/\/primeractoff.org\/en\/wp-json\/wp\/v2\/comments?post=16341"}],"version-history":[{"count":13,"href":"https:\/\/primeractoff.org\/en\/wp-json\/wp\/v2\/pages\/16341\/revisions"}],"predecessor-version":[{"id":16869,"href":"https:\/\/primeractoff.org\/en\/wp-json\/wp\/v2\/pages\/16341\/revisions\/16869"}],"up":[{"embeddable":true,"href":"https:\/\/primeractoff.org\/en\/wp-json\/wp\/v2\/pages\/15703"}],"wp:attachment":[{"href":"https:\/\/primeractoff.org\/en\/wp-json\/wp\/v2\/media?parent=16341"}],"curies":[{"name":"wp","href":"https:\/\/api.w.org\/{rel}","templated":true}]}}