{"id":16408,"date":"2025-03-27T17:53:30","date_gmt":"2025-03-27T16:53:30","guid":{"rendered":"https:\/\/primeractoff.org\/?page_id=16408"},"modified":"2025-04-25T00:53:18","modified_gmt":"2025-04-24T22:53:18","slug":"ciclo-de-obras-cortas","status":"publish","type":"page","link":"https:\/\/primeractoff.org\/en\/paffteatro\/grandes-producciones\/ciclo-de-obras-cortas\/","title":{"rendered":"Ciclo de Obras Cortas"},"content":{"rendered":"<div data-elementor-type=\"wp-page\" data-elementor-id=\"16408\" class=\"elementor elementor-16408\">\n\t\t\t\t<div class=\"elementor-element elementor-element-f178b08 e-flex e-con-boxed e-con e-parent\" data-id=\"f178b08\" data-element_type=\"container\" data-e-type=\"container\" data-settings=\"{&quot;wcf_enable_cursor_hover_effect_text&quot;:&quot;View&quot;,&quot;wcf-animation&quot;:&quot;none&quot;}\">\n\t\t\t\t\t<div class=\"e-con-inner\">\n\t\t<div class=\"elementor-element elementor-element-1ff6f6f e-con-full e-flex e-con e-child\" data-id=\"1ff6f6f\" data-element_type=\"container\" data-e-type=\"container\" data-settings=\"{&quot;wcf_enable_cursor_hover_effect_text&quot;:&quot;View&quot;,&quot;wcf-animation&quot;:&quot;none&quot;}\">\n\t\t\t\t<div class=\"elementor-element elementor-element-839bd4d elementor-widget elementor-widget-image\" data-id=\"839bd4d\" data-element_type=\"widget\" data-e-type=\"widget\" data-settings=\"{&quot;wcf-image-animation&quot;:&quot;none&quot;,&quot;wcf-animation&quot;:&quot;none&quot;}\" data-widget_type=\"image.default\">\n\t\t\t\t<div class=\"elementor-widget-container\">\n\t\t\t\t\t\t\t\t\t\t\t\t\t\t\t<img fetchpriority=\"high\" decoding=\"async\" width=\"544\" height=\"544\" src=\"https:\/\/primeractoff.org\/wp-content\/uploads\/2025\/01\/4aa1ef_c0ec3d74af434ce4bab0e86326b2af7bmv2.jpg\" class=\"attachment-full size-full wp-image-15623\" alt=\"\" srcset=\"https:\/\/primeractoff.org\/wp-content\/uploads\/2025\/01\/4aa1ef_c0ec3d74af434ce4bab0e86326b2af7bmv2.jpg 544w, https:\/\/primeractoff.org\/wp-content\/uploads\/2025\/01\/4aa1ef_c0ec3d74af434ce4bab0e86326b2af7bmv2-300x300.jpg 300w, https:\/\/primeractoff.org\/wp-content\/uploads\/2025\/01\/4aa1ef_c0ec3d74af434ce4bab0e86326b2af7bmv2-150x150.jpg 150w\" sizes=\"(max-width: 544px) 100vw, 544px\" \/>\t\t\t\t\t\t\t\t\t\t\t\t\t\t\t<\/div>\n\t\t\t\t<\/div>\n\t\t\t\t<\/div>\n\t\t<div class=\"elementor-element elementor-element-3475dd5 e-con-full e-flex e-con e-child\" data-id=\"3475dd5\" data-element_type=\"container\" data-e-type=\"container\" data-settings=\"{&quot;wcf_enable_cursor_hover_effect_text&quot;:&quot;View&quot;,&quot;wcf-animation&quot;:&quot;none&quot;}\">\n\t\t\t\t<div class=\"elementor-element elementor-element-1abda15 wcf-t-animation-text_move elementor-widget elementor-widget-wcf--title\" data-id=\"1abda15\" data-element_type=\"widget\" data-e-type=\"widget\" data-settings=\"{&quot;wcf_text_animation&quot;:&quot;text_move&quot;,&quot;text_transform_origin&quot;:&quot;top center -50&quot;,&quot;text_delay&quot;:0.15,&quot;text_duration&quot;:1,&quot;text_stagger&quot;:0.02,&quot;text_on_scroll&quot;:&quot;yes&quot;,&quot;text_rotation_di&quot;:&quot;x&quot;,&quot;text_rotation&quot;:&quot;-80&quot;,&quot;wcf-animation&quot;:&quot;none&quot;}\" data-widget_type=\"wcf--title.default\">\n\t\t\t\t<div class=\"elementor-widget-container\">\n\t\t\t\t\t<h2 class=\"wcf--title\">Synopsis<\/h2>\t\t\t\t<\/div>\n\t\t\t\t<\/div>\n\t\t\t\t<div class=\"elementor-element elementor-element-ac0e470 wcf-t-animation-text_move elementor-widget elementor-widget-wcf--title\" data-id=\"ac0e470\" data-element_type=\"widget\" data-e-type=\"widget\" data-settings=\"{&quot;wcf_text_animation&quot;:&quot;text_move&quot;,&quot;text_transform_origin&quot;:&quot;top center -50&quot;,&quot;text_delay&quot;:0.15,&quot;text_duration&quot;:1,&quot;text_stagger&quot;:0.02,&quot;text_on_scroll&quot;:&quot;yes&quot;,&quot;text_rotation_di&quot;:&quot;x&quot;,&quot;text_rotation&quot;:&quot;-80&quot;,&quot;wcf-animation&quot;:&quot;none&quot;}\" data-widget_type=\"wcf--title.default\">\n\t\t\t\t<div class=\"elementor-widget-container\">\n\t\t\t\t\t<h2 class=\"wcf--title\">Ciclo de Obras Cortas<\/h2>\t\t\t\t<\/div>\n\t\t\t\t<\/div>\n\t\t\t\t<div class=\"elementor-element elementor-element-48f45d1 wcf-t-animation-text_move elementor-widget elementor-widget-wcf--text\" data-id=\"48f45d1\" data-element_type=\"widget\" data-e-type=\"widget\" data-settings=\"{&quot;wcf_text_animation&quot;:&quot;text_move&quot;,&quot;text_transform_origin&quot;:&quot;top center -50&quot;,&quot;text_delay&quot;:0.15,&quot;text_duration&quot;:1,&quot;text_stagger&quot;:0.02,&quot;text_on_scroll&quot;:&quot;yes&quot;,&quot;text_rotation_di&quot;:&quot;x&quot;,&quot;text_rotation&quot;:&quot;-80&quot;,&quot;wcf-animation&quot;:&quot;none&quot;}\" data-widget_type=\"wcf--text.default\">\n\t\t\t\t<div class=\"elementor-widget-container\">\n\t\t\t\t\t<div class=\"wcf--text\">Short Play Cycle: Through this project, participants can discover their talent, face the challenge of performing in front of an audience, and experience the creative process of a professional production with short, dynamic plays that have already been tested before a general audience in professional settings. This reflects the spirit of PAFF: a space where theater is accessible to all, promoting art as a tool for personal and collective growth.<\/div>\t\t\t\t<\/div>\n\t\t\t\t<\/div>\n\t\t\t\t<div class=\"elementor-element elementor-element-cbcc35b gallery-spacing-custom elementor-widget elementor-widget-image-gallery\" data-id=\"cbcc35b\" data-element_type=\"widget\" data-e-type=\"widget\" data-settings=\"{&quot;wcf-animation&quot;:&quot;none&quot;}\" data-widget_type=\"image-gallery.default\">\n\t\t\t\t<div class=\"elementor-widget-container\">\n\t\t\t\t\t\t\t<div class=\"elementor-image-gallery\">\n\t\t\t<div id='gallery-1' class='gallery galleryid-16408 gallery-columns-4 gallery-size-thumbnail'><figure class='gallery-item'>\n\t\t\t<div class='gallery-icon portrait'>\n\t\t\t\t<a data-elementor-open-lightbox=\"yes\" data-elementor-lightbox-slideshow=\"cbcc35b\" data-elementor-lightbox-title=\"7aa7ea68-a862-4f63-b6de-29555090ebc4\" data-e-action-hash=\"#elementor-action%3Aaction%3Dlightbox%26settings%3DeyJpZCI6MTY0MTIsInVybCI6Imh0dHBzOlwvXC9wcmltZXJhY3RvZmYub3JnXC93cC1jb250ZW50XC91cGxvYWRzXC8yMDI1XC8wM1wvN2FhN2VhNjgtYTg2Mi00ZjYzLWI2ZGUtMjk1NTUwOTBlYmM0LmpwZyIsInNsaWRlc2hvdyI6ImNiY2MzNWIifQ%3D%3D\" href='https:\/\/primeractoff.org\/wp-content\/uploads\/2025\/03\/7aa7ea68-a862-4f63-b6de-29555090ebc4.jpg'><img decoding=\"async\" width=\"150\" height=\"150\" src=\"https:\/\/primeractoff.org\/wp-content\/uploads\/2025\/03\/7aa7ea68-a862-4f63-b6de-29555090ebc4-150x150.jpg\" class=\"attachment-thumbnail size-thumbnail\" alt=\"\" \/><\/a>\n\t\t\t<\/div><\/figure><figure class='gallery-item'>\n\t\t\t<div class='gallery-icon portrait'>\n\t\t\t\t<a data-elementor-open-lightbox=\"yes\" data-elementor-lightbox-slideshow=\"cbcc35b\" data-elementor-lightbox-title=\"95e511e9-d062-481b-9d99-a604e33618c5\" data-e-action-hash=\"#elementor-action%3Aaction%3Dlightbox%26settings%3DeyJpZCI6MTY0MTMsInVybCI6Imh0dHBzOlwvXC9wcmltZXJhY3RvZmYub3JnXC93cC1jb250ZW50XC91cGxvYWRzXC8yMDI1XC8wM1wvOTVlNTExZTktZDA2Mi00ODFiLTlkOTktYTYwNGUzMzYxOGM1LmpwZyIsInNsaWRlc2hvdyI6ImNiY2MzNWIifQ%3D%3D\" href='https:\/\/primeractoff.org\/wp-content\/uploads\/2025\/03\/95e511e9-d062-481b-9d99-a604e33618c5.jpg'><img decoding=\"async\" width=\"150\" height=\"150\" src=\"https:\/\/primeractoff.org\/wp-content\/uploads\/2025\/03\/95e511e9-d062-481b-9d99-a604e33618c5-150x150.jpg\" class=\"attachment-thumbnail size-thumbnail\" alt=\"\" \/><\/a>\n\t\t\t<\/div><\/figure><figure class='gallery-item'>\n\t\t\t<div class='gallery-icon portrait'>\n\t\t\t\t<a data-elementor-open-lightbox=\"yes\" data-elementor-lightbox-slideshow=\"cbcc35b\" data-elementor-lightbox-title=\"97d17775-887d-4d58-93c1-e5ac14220267\" data-e-action-hash=\"#elementor-action%3Aaction%3Dlightbox%26settings%3DeyJpZCI6MTY0MTQsInVybCI6Imh0dHBzOlwvXC9wcmltZXJhY3RvZmYub3JnXC93cC1jb250ZW50XC91cGxvYWRzXC8yMDI1XC8wM1wvOTdkMTc3NzUtODg3ZC00ZDU4LTkzYzEtZTVhYzE0MjIwMjY3LmpwZyIsInNsaWRlc2hvdyI6ImNiY2MzNWIifQ%3D%3D\" href='https:\/\/primeractoff.org\/wp-content\/uploads\/2025\/03\/97d17775-887d-4d58-93c1-e5ac14220267.jpg'><img loading=\"lazy\" decoding=\"async\" width=\"150\" height=\"150\" src=\"https:\/\/primeractoff.org\/wp-content\/uploads\/2025\/03\/97d17775-887d-4d58-93c1-e5ac14220267-150x150.jpg\" class=\"attachment-thumbnail size-thumbnail\" alt=\"\" \/><\/a>\n\t\t\t<\/div><\/figure><figure class='gallery-item'>\n\t\t\t<div class='gallery-icon landscape'>\n\t\t\t\t<a data-elementor-open-lightbox=\"yes\" data-elementor-lightbox-slideshow=\"cbcc35b\" data-elementor-lightbox-title=\"c4399aff-c1fe-4ac8-bddb-02617f6621a6\" data-e-action-hash=\"#elementor-action%3Aaction%3Dlightbox%26settings%3DeyJpZCI6MTY0MTUsInVybCI6Imh0dHBzOlwvXC9wcmltZXJhY3RvZmYub3JnXC93cC1jb250ZW50XC91cGxvYWRzXC8yMDI1XC8wM1wvYzQzOTlhZmYtYzFmZS00YWM4LWJkZGItMDI2MTdmNjYyMWE2LmpwZyIsInNsaWRlc2hvdyI6ImNiY2MzNWIifQ%3D%3D\" href='https:\/\/primeractoff.org\/wp-content\/uploads\/2025\/03\/c4399aff-c1fe-4ac8-bddb-02617f6621a6.jpg'><img loading=\"lazy\" decoding=\"async\" width=\"150\" height=\"150\" src=\"https:\/\/primeractoff.org\/wp-content\/uploads\/2025\/03\/c4399aff-c1fe-4ac8-bddb-02617f6621a6-150x150.jpg\" class=\"attachment-thumbnail size-thumbnail\" alt=\"\" \/><\/a>\n\t\t\t<\/div><\/figure><figure class='gallery-item'>\n\t\t\t<div class='gallery-icon portrait'>\n\t\t\t\t<a data-elementor-open-lightbox=\"yes\" data-elementor-lightbox-slideshow=\"cbcc35b\" data-elementor-lightbox-title=\"e4366cd4-5661-45f5-a7bc-def514af4f9c\" data-e-action-hash=\"#elementor-action%3Aaction%3Dlightbox%26settings%3DeyJpZCI6MTY0MTYsInVybCI6Imh0dHBzOlwvXC9wcmltZXJhY3RvZmYub3JnXC93cC1jb250ZW50XC91cGxvYWRzXC8yMDI1XC8wM1wvZTQzNjZjZDQtNTY2MS00NWY1LWE3YmMtZGVmNTE0YWY0ZjljLmpwZyIsInNsaWRlc2hvdyI6ImNiY2MzNWIifQ%3D%3D\" href='https:\/\/primeractoff.org\/wp-content\/uploads\/2025\/03\/e4366cd4-5661-45f5-a7bc-def514af4f9c.jpg'><img loading=\"lazy\" decoding=\"async\" width=\"150\" height=\"150\" src=\"https:\/\/primeractoff.org\/wp-content\/uploads\/2025\/03\/e4366cd4-5661-45f5-a7bc-def514af4f9c-150x150.jpg\" class=\"attachment-thumbnail size-thumbnail\" alt=\"\" \/><\/a>\n\t\t\t<\/div><\/figure>\n\t\t<\/div>\n\t\t<\/div>\n\t\t\t\t\t\t<\/div>\n\t\t\t\t<\/div>\n\t\t\t\t<\/div>\n\t\t\t\t\t<\/div>\n\t\t\t\t<\/div>\n\t\t\t\t<\/div>","protected":false},"excerpt":{"rendered":"<p>Sinopsis Ciclo de Obras Cortas Ciclo obras cortas : A trav\u00e9s de este proyecto, los participantes pueden descubrir su talento, enfrentarse al desaf\u00edo de actuar ante un p\u00fablico y experimentar el proceso creativo de una puesta en escena profesional con ibras cortas y dinamicas que ya fuerin probadas ante el publico en general en ambitos [&hellip;]<\/p>\n","protected":false},"author":1,"featured_media":0,"parent":15703,"menu_order":0,"comment_status":"closed","ping_status":"closed","template":"elementor_header_footer","meta":{"footnotes":""},"class_list":["post-16408","page","type-page","status-publish","hentry"],"_links":{"self":[{"href":"https:\/\/primeractoff.org\/en\/wp-json\/wp\/v2\/pages\/16408","targetHints":{"allow":["GET"]}}],"collection":[{"href":"https:\/\/primeractoff.org\/en\/wp-json\/wp\/v2\/pages"}],"about":[{"href":"https:\/\/primeractoff.org\/en\/wp-json\/wp\/v2\/types\/page"}],"author":[{"embeddable":true,"href":"https:\/\/primeractoff.org\/en\/wp-json\/wp\/v2\/users\/1"}],"replies":[{"embeddable":true,"href":"https:\/\/primeractoff.org\/en\/wp-json\/wp\/v2\/comments?post=16408"}],"version-history":[{"count":7,"href":"https:\/\/primeractoff.org\/en\/wp-json\/wp\/v2\/pages\/16408\/revisions"}],"predecessor-version":[{"id":16875,"href":"https:\/\/primeractoff.org\/en\/wp-json\/wp\/v2\/pages\/16408\/revisions\/16875"}],"up":[{"embeddable":true,"href":"https:\/\/primeractoff.org\/en\/wp-json\/wp\/v2\/pages\/15703"}],"wp:attachment":[{"href":"https:\/\/primeractoff.org\/en\/wp-json\/wp\/v2\/media?parent=16408"}],"curies":[{"name":"wp","href":"https:\/\/api.w.org\/{rel}","templated":true}]}}