{"id":16654,"date":"2025-03-31T19:06:31","date_gmt":"2025-03-31T17:06:31","guid":{"rendered":"https:\/\/primeractoff.org\/?page_id=16654"},"modified":"2026-03-29T12:56:48","modified_gmt":"2026-03-29T10:56:48","slug":"comunidad","status":"publish","type":"page","link":"https:\/\/primeractoff.org\/en\/paffsolidario\/comunidad\/","title":{"rendered":"Community"},"content":{"rendered":"<div data-elementor-type=\"wp-page\" data-elementor-id=\"16654\" class=\"elementor elementor-16654\">\n\t\t\t\t<div class=\"elementor-element elementor-element-7e3a916 e-flex e-con-boxed e-con e-parent\" data-id=\"7e3a916\" data-element_type=\"container\" data-e-type=\"container\" data-settings=\"{&quot;wcf_enable_cursor_hover_effect_text&quot;:&quot;View&quot;,&quot;wcf-animation&quot;:&quot;none&quot;}\">\n\t\t\t\t\t<div class=\"e-con-inner\">\n\t\t<div class=\"elementor-element elementor-element-41e6f7a e-con-full e-flex e-con e-child\" data-id=\"41e6f7a\" data-element_type=\"container\" data-e-type=\"container\" data-settings=\"{&quot;wcf_enable_cursor_hover_effect_text&quot;:&quot;View&quot;,&quot;wcf-animation&quot;:&quot;none&quot;}\">\n\t\t<div class=\"elementor-element elementor-element-37ced41 e-con-full e-flex e-con e-child\" data-id=\"37ced41\" data-element_type=\"container\" data-e-type=\"container\" data-settings=\"{&quot;wcf_enable_cursor_hover_effect_text&quot;:&quot;View&quot;,&quot;wcf-animation&quot;:&quot;none&quot;}\">\n\t\t\t\t<div class=\"elementor-element elementor-element-6787001 wcf-t-animation-text_move elementor-widget elementor-widget-wcf--title\" data-id=\"6787001\" data-element_type=\"widget\" data-e-type=\"widget\" data-settings=\"{&quot;wcf_text_animation&quot;:&quot;text_move&quot;,&quot;text_transform_origin&quot;:&quot;top center -50&quot;,&quot;text_delay&quot;:0.15,&quot;text_duration&quot;:1,&quot;text_stagger&quot;:0.02,&quot;text_on_scroll&quot;:&quot;yes&quot;,&quot;text_rotation_di&quot;:&quot;x&quot;,&quot;text_rotation&quot;:&quot;-80&quot;,&quot;wcf-animation&quot;:&quot;none&quot;}\" data-widget_type=\"wcf--title.default\">\n\t\t\t\t<div class=\"elementor-widget-container\">\n\t\t\t\t\t<h2 class=\"wcf--title\">PAFF and its commitment to the community<\/h2>\t\t\t\t<\/div>\n\t\t\t\t<\/div>\n\t\t\t\t<\/div>\n\t\t<div class=\"elementor-element elementor-element-0ce7a66 e-con-full e-flex e-con e-child\" data-id=\"0ce7a66\" data-element_type=\"container\" data-e-type=\"container\" data-settings=\"{&quot;wcf_enable_cursor_hover_effect_text&quot;:&quot;View&quot;,&quot;wcf-animation&quot;:&quot;none&quot;}\">\n\t\t\t\t<div class=\"elementor-element elementor-element-668f8c1 wcf-t-animation-text_move elementor-widget elementor-widget-wcf--text\" data-id=\"668f8c1\" data-element_type=\"widget\" data-e-type=\"widget\" data-settings=\"{&quot;wcf_text_animation&quot;:&quot;text_move&quot;,&quot;text_transform_origin&quot;:&quot;top center -50&quot;,&quot;text_delay&quot;:0.15,&quot;text_duration&quot;:1,&quot;text_stagger&quot;:0.02,&quot;text_on_scroll&quot;:&quot;yes&quot;,&quot;text_rotation_di&quot;:&quot;x&quot;,&quot;text_rotation&quot;:&quot;-80&quot;,&quot;wcf-animation&quot;:&quot;none&quot;}\" data-widget_type=\"wcf--text.default\">\n\t\t\t\t<div class=\"elementor-widget-container\">\n\t\t\t\t\t<div class=\"wcf--text\"><p>At PAFF (Primer Acto Florida Foundation), we believe that art is a powerful tool for transformation and discovery. Therefore, we actively work with the community through volunteer activities, free workshops, special screenings, and inclusive activities, bringing theater and audiovisual art to all audiences.<\/p><p>Participamos en iniciativas como \u201cDe la idea a la pantalla\u201d, en los a\u00f1os 2024 y 2025, en distintas sedes de Miami, con proyecci\u00f3n de pel\u00edculas, mesas redondas, talleres y clases magistrales sobre cine.<\/p><p>Tambi\u00e9n nos sumamos a celebraciones como el D\u00eda Mundial del Teatro, colaborando con Ruta Teatral y ofreciendo funciones de teatro para ni\u00f1os y en horarios especiales para que puedan asistir personas mayores de los daycare centers de Miami, promoviendo el acceso inclusivo al arte.<\/p><p>Additionally, we're promoting local talent through our social media channels with the hashtag #CarteleraPAFF, a platform for publicizing projects from Miami's artistic community, fostering collaboration, and celebrating the work of independent creators.<\/p><\/div>\t\t\t\t<\/div>\n\t\t\t\t<\/div>\n\t\t\t\t<\/div>\n\t\t\t\t<\/div>\n\t\t\t\t\t<\/div>\n\t\t\t\t<\/div>\n\t\t<div class=\"elementor-element elementor-element-799ab23 e-flex e-con-boxed e-con e-parent\" data-id=\"799ab23\" data-element_type=\"container\" data-e-type=\"container\" data-settings=\"{&quot;wcf_enable_cursor_hover_effect_text&quot;:&quot;View&quot;,&quot;wcf-animation&quot;:&quot;none&quot;}\">\n\t\t\t\t\t<div class=\"e-con-inner\">\n\t\t\t\t<div class=\"elementor-element elementor-element-ecda439 gallery-spacing-custom elementor-widget elementor-widget-image-gallery\" data-id=\"ecda439\" data-element_type=\"widget\" data-e-type=\"widget\" data-settings=\"{&quot;wcf-animation&quot;:&quot;none&quot;}\" data-widget_type=\"image-gallery.default\">\n\t\t\t\t<div class=\"elementor-widget-container\">\n\t\t\t\t\t\t\t<div class=\"elementor-image-gallery\">\n\t\t\t<div id='gallery-1' class='gallery galleryid-16654 gallery-columns-5 gallery-size-thumbnail'><figure class='gallery-item'>\n\t\t\t<div class='gallery-icon portrait'>\n\t\t\t\t<a data-elementor-open-lightbox=\"yes\" data-elementor-lightbox-slideshow=\"ecda439\" data-elementor-lightbox-title=\"PHOTO-2026-03-16-17-52-51\" data-e-action-hash=\"#elementor-action%3Aaction%3Dlightbox%26settings%3DeyJpZCI6MTc0MDYsInVybCI6Imh0dHBzOlwvXC9wcmltZXJhY3RvZmYub3JnXC93cC1jb250ZW50XC91cGxvYWRzXC8yMDI2XC8wM1wvUEhPVE8tMjAyNi0wMy0xNi0xNy01Mi01MS5qcGciLCJzbGlkZXNob3ciOiJlY2RhNDM5In0%3D\" href='https:\/\/primeractoff.org\/wp-content\/uploads\/2026\/03\/PHOTO-2026-03-16-17-52-51.jpg'><img decoding=\"async\" width=\"150\" height=\"150\" src=\"https:\/\/primeractoff.org\/wp-content\/uploads\/2026\/03\/PHOTO-2026-03-16-17-52-51-150x150.jpg\" class=\"attachment-thumbnail size-thumbnail\" alt=\"\" aria-describedby=\"gallery-1-17406\" \/><\/a>\n\t\t\t<\/div>\n\t\t\t\t<figcaption class='wp-caption-text gallery-caption' id='gallery-1-17406'>\n\t\t\t\tClases de teatro para personas especiales\n\t\t\t\t<\/figcaption><\/figure><figure class='gallery-item'>\n\t\t\t<div class='gallery-icon landscape'>\n\t\t\t\t<a data-elementor-open-lightbox=\"yes\" data-elementor-lightbox-slideshow=\"ecda439\" data-elementor-lightbox-title=\"PHOTO-2026-03-16-18-46-42\" data-e-action-hash=\"#elementor-action%3Aaction%3Dlightbox%26settings%3DeyJpZCI6MTc0MDcsInVybCI6Imh0dHBzOlwvXC9wcmltZXJhY3RvZmYub3JnXC93cC1jb250ZW50XC91cGxvYWRzXC8yMDI2XC8wM1wvUEhPVE8tMjAyNi0wMy0xNi0xOC00Ni00Mi5qcGciLCJzbGlkZXNob3ciOiJlY2RhNDM5In0%3D\" href='https:\/\/primeractoff.org\/wp-content\/uploads\/2026\/03\/PHOTO-2026-03-16-18-46-42.jpg'><img decoding=\"async\" width=\"150\" height=\"150\" src=\"https:\/\/primeractoff.org\/wp-content\/uploads\/2026\/03\/PHOTO-2026-03-16-18-46-42-150x150.jpg\" class=\"attachment-thumbnail size-thumbnail\" alt=\"\" aria-describedby=\"gallery-1-17407\" \/><\/a>\n\t\t\t<\/div>\n\t\t\t\t<figcaption class='wp-caption-text gallery-caption' id='gallery-1-17407'>\n\t\t\t\tSpanglish Robin Hood Gratuito \n\t\t\t\t<\/figcaption><\/figure><figure class='gallery-item'>\n\t\t\t<div class='gallery-icon portrait'>\n\t\t\t\t<a data-elementor-open-lightbox=\"yes\" data-elementor-lightbox-slideshow=\"ecda439\" data-elementor-lightbox-title=\"WhatsApp Image 2026-02-27 at 01.35.13\" data-e-action-hash=\"#elementor-action%3Aaction%3Dlightbox%26settings%3DeyJpZCI6MTczOTMsInVybCI6Imh0dHBzOlwvXC9wcmltZXJhY3RvZmYub3JnXC93cC1jb250ZW50XC91cGxvYWRzXC8yMDI2XC8wMlwvV2hhdHNBcHAtSW1hZ2UtMjAyNi0wMi0yNy1hdC0wMS4zNS4xMy5qcGVnIiwic2xpZGVzaG93IjoiZWNkYTQzOSJ9\" href='https:\/\/primeractoff.org\/wp-content\/uploads\/2026\/02\/WhatsApp-Image-2026-02-27-at-01.35.13.jpeg'><img decoding=\"async\" width=\"150\" height=\"150\" src=\"https:\/\/primeractoff.org\/wp-content\/uploads\/2026\/02\/WhatsApp-Image-2026-02-27-at-01.35.13-150x150.jpeg\" class=\"attachment-thumbnail size-thumbnail\" alt=\"\" srcset=\"https:\/\/primeractoff.org\/wp-content\/uploads\/2026\/02\/WhatsApp-Image-2026-02-27-at-01.35.13-150x150.jpeg 150w, https:\/\/primeractoff.org\/wp-content\/uploads\/2026\/02\/WhatsApp-Image-2026-02-27-at-01.35.13-12x12.jpeg 12w\" sizes=\"(max-width: 150px) 100vw, 150px\" \/><\/a>\n\t\t\t<\/div><\/figure><figure class='gallery-item'>\n\t\t\t<div class='gallery-icon landscape'>\n\t\t\t\t<a data-elementor-open-lightbox=\"yes\" data-elementor-lightbox-slideshow=\"ecda439\" data-elementor-lightbox-title=\"PHOTO-2025-03-07-16-08-31\" data-e-action-hash=\"#elementor-action%3Aaction%3Dlightbox%26settings%3DeyJpZCI6MTY2NjYsInVybCI6Imh0dHBzOlwvXC9wcmltZXJhY3RvZmYub3JnXC93cC1jb250ZW50XC91cGxvYWRzXC8yMDI1XC8wM1wvUEhPVE8tMjAyNS0wMy0wNy0xNi0wOC0zMS5qcGciLCJzbGlkZXNob3ciOiJlY2RhNDM5In0%3D\" href='https:\/\/primeractoff.org\/wp-content\/uploads\/2025\/03\/PHOTO-2025-03-07-16-08-31.jpg'><img loading=\"lazy\" decoding=\"async\" width=\"150\" height=\"150\" src=\"https:\/\/primeractoff.org\/wp-content\/uploads\/2025\/03\/PHOTO-2025-03-07-16-08-31-150x150.jpg\" class=\"attachment-thumbnail size-thumbnail\" alt=\"\" \/><\/a>\n\t\t\t<\/div><\/figure><figure class='gallery-item'>\n\t\t\t<div class='gallery-icon landscape'>\n\t\t\t\t<a data-elementor-open-lightbox=\"yes\" data-elementor-lightbox-slideshow=\"ecda439\" data-elementor-lightbox-title=\"PHOTO-2024-06-12-09-38-47\" data-e-action-hash=\"#elementor-action%3Aaction%3Dlightbox%26settings%3DeyJpZCI6MTY2NjUsInVybCI6Imh0dHBzOlwvXC9wcmltZXJhY3RvZmYub3JnXC93cC1jb250ZW50XC91cGxvYWRzXC8yMDI1XC8wM1wvUEhPVE8tMjAyNC0wNi0xMi0wOS0zOC00Ny5qcGciLCJzbGlkZXNob3ciOiJlY2RhNDM5In0%3D\" href='https:\/\/primeractoff.org\/wp-content\/uploads\/2025\/03\/PHOTO-2024-06-12-09-38-47.jpg'><img loading=\"lazy\" decoding=\"async\" width=\"150\" height=\"150\" src=\"https:\/\/primeractoff.org\/wp-content\/uploads\/2025\/03\/PHOTO-2024-06-12-09-38-47-150x150.jpg\" class=\"attachment-thumbnail size-thumbnail\" alt=\"\" \/><\/a>\n\t\t\t<\/div><\/figure><figure class='gallery-item'>\n\t\t\t<div class='gallery-icon landscape'>\n\t\t\t\t<a data-elementor-open-lightbox=\"yes\" data-elementor-lightbox-slideshow=\"ecda439\" data-elementor-lightbox-title=\"PHOTO-2024-06-10-18-16-42\" data-e-action-hash=\"#elementor-action%3Aaction%3Dlightbox%26settings%3DeyJpZCI6MTY2NjQsInVybCI6Imh0dHBzOlwvXC9wcmltZXJhY3RvZmYub3JnXC93cC1jb250ZW50XC91cGxvYWRzXC8yMDI1XC8wM1wvUEhPVE8tMjAyNC0wNi0xMC0xOC0xNi00Mi5qcGciLCJzbGlkZXNob3ciOiJlY2RhNDM5In0%3D\" href='https:\/\/primeractoff.org\/wp-content\/uploads\/2025\/03\/PHOTO-2024-06-10-18-16-42.jpg'><img loading=\"lazy\" decoding=\"async\" width=\"150\" height=\"150\" src=\"https:\/\/primeractoff.org\/wp-content\/uploads\/2025\/03\/PHOTO-2024-06-10-18-16-42-150x150.jpg\" class=\"attachment-thumbnail size-thumbnail\" alt=\"\" \/><\/a>\n\t\t\t<\/div><\/figure><figure class='gallery-item'>\n\t\t\t<div class='gallery-icon landscape'>\n\t\t\t\t<a data-elementor-open-lightbox=\"yes\" data-elementor-lightbox-slideshow=\"ecda439\" data-elementor-lightbox-title=\"PHOTO-2024-06-06-21-04-10\" data-e-action-hash=\"#elementor-action%3Aaction%3Dlightbox%26settings%3DeyJpZCI6MTY2NjMsInVybCI6Imh0dHBzOlwvXC9wcmltZXJhY3RvZmYub3JnXC93cC1jb250ZW50XC91cGxvYWRzXC8yMDI1XC8wM1wvUEhPVE8tMjAyNC0wNi0wNi0yMS0wNC0xMC5qcGciLCJzbGlkZXNob3ciOiJlY2RhNDM5In0%3D\" href='https:\/\/primeractoff.org\/wp-content\/uploads\/2025\/03\/PHOTO-2024-06-06-21-04-10.jpg'><img loading=\"lazy\" decoding=\"async\" width=\"150\" height=\"150\" src=\"https:\/\/primeractoff.org\/wp-content\/uploads\/2025\/03\/PHOTO-2024-06-06-21-04-10-150x150.jpg\" class=\"attachment-thumbnail size-thumbnail\" alt=\"\" \/><\/a>\n\t\t\t<\/div><\/figure><figure class='gallery-item'>\n\t\t\t<div class='gallery-icon landscape'>\n\t\t\t\t<a data-elementor-open-lightbox=\"yes\" data-elementor-lightbox-slideshow=\"ecda439\" data-elementor-lightbox-title=\"PHOTO-2024-05-31-10-00-48\" data-e-action-hash=\"#elementor-action%3Aaction%3Dlightbox%26settings%3DeyJpZCI6MTY2NjIsInVybCI6Imh0dHBzOlwvXC9wcmltZXJhY3RvZmYub3JnXC93cC1jb250ZW50XC91cGxvYWRzXC8yMDI1XC8wM1wvUEhPVE8tMjAyNC0wNS0zMS0xMC0wMC00OC5qcGciLCJzbGlkZXNob3ciOiJlY2RhNDM5In0%3D\" href='https:\/\/primeractoff.org\/wp-content\/uploads\/2025\/03\/PHOTO-2024-05-31-10-00-48.jpg'><img loading=\"lazy\" decoding=\"async\" width=\"150\" height=\"150\" src=\"https:\/\/primeractoff.org\/wp-content\/uploads\/2025\/03\/PHOTO-2024-05-31-10-00-48-150x150.jpg\" class=\"attachment-thumbnail size-thumbnail\" alt=\"\" srcset=\"https:\/\/primeractoff.org\/wp-content\/uploads\/2025\/03\/PHOTO-2024-05-31-10-00-48-150x150.jpg 150w, https:\/\/primeractoff.org\/wp-content\/uploads\/2025\/03\/PHOTO-2024-05-31-10-00-48-300x300.jpg 300w, https:\/\/primeractoff.org\/wp-content\/uploads\/2025\/03\/PHOTO-2024-05-31-10-00-48-1024x1024.jpg 1024w, https:\/\/primeractoff.org\/wp-content\/uploads\/2025\/03\/PHOTO-2024-05-31-10-00-48-768x768.jpg 768w, https:\/\/primeractoff.org\/wp-content\/uploads\/2025\/03\/PHOTO-2024-05-31-10-00-48-1536x1536.jpg 1536w, https:\/\/primeractoff.org\/wp-content\/uploads\/2025\/03\/PHOTO-2024-05-31-10-00-48.jpg 1600w\" sizes=\"(max-width: 150px) 100vw, 150px\" \/><\/a>\n\t\t\t<\/div><\/figure><figure class='gallery-item'>\n\t\t\t<div class='gallery-icon landscape'>\n\t\t\t\t<a data-elementor-open-lightbox=\"yes\" data-elementor-lightbox-slideshow=\"ecda439\" data-elementor-lightbox-title=\"PHOTO-2024-03-27-18-06-04\" data-e-action-hash=\"#elementor-action%3Aaction%3Dlightbox%26settings%3DeyJpZCI6MTY2NjEsInVybCI6Imh0dHBzOlwvXC9wcmltZXJhY3RvZmYub3JnXC93cC1jb250ZW50XC91cGxvYWRzXC8yMDI1XC8wM1wvUEhPVE8tMjAyNC0wMy0yNy0xOC0wNi0wNC5qcGciLCJzbGlkZXNob3ciOiJlY2RhNDM5In0%3D\" href='https:\/\/primeractoff.org\/wp-content\/uploads\/2025\/03\/PHOTO-2024-03-27-18-06-04.jpg'><img loading=\"lazy\" decoding=\"async\" width=\"150\" height=\"150\" src=\"https:\/\/primeractoff.org\/wp-content\/uploads\/2025\/03\/PHOTO-2024-03-27-18-06-04-150x150.jpg\" class=\"attachment-thumbnail size-thumbnail\" alt=\"\" \/><\/a>\n\t\t\t<\/div><\/figure><figure class='gallery-item'>\n\t\t\t<div class='gallery-icon portrait'>\n\t\t\t\t<a data-elementor-open-lightbox=\"yes\" data-elementor-lightbox-slideshow=\"ecda439\" data-elementor-lightbox-title=\"PHOTO-2024-03-24-18-39-21\" data-e-action-hash=\"#elementor-action%3Aaction%3Dlightbox%26settings%3DeyJpZCI6MTY2NjAsInVybCI6Imh0dHBzOlwvXC9wcmltZXJhY3RvZmYub3JnXC93cC1jb250ZW50XC91cGxvYWRzXC8yMDI1XC8wM1wvUEhPVE8tMjAyNC0wMy0yNC0xOC0zOS0yMS5qcGciLCJzbGlkZXNob3ciOiJlY2RhNDM5In0%3D\" href='https:\/\/primeractoff.org\/wp-content\/uploads\/2025\/03\/PHOTO-2024-03-24-18-39-21.jpg'><img loading=\"lazy\" decoding=\"async\" width=\"150\" height=\"150\" src=\"https:\/\/primeractoff.org\/wp-content\/uploads\/2025\/03\/PHOTO-2024-03-24-18-39-21-150x150.jpg\" class=\"attachment-thumbnail size-thumbnail\" alt=\"\" \/><\/a>\n\t\t\t<\/div><\/figure>\n\t\t<\/div>\n\t\t<\/div>\n\t\t\t\t\t\t<\/div>\n\t\t\t\t<\/div>\n\t\t\t\t\t<\/div>\n\t\t\t\t<\/div>\n\t\t\t\t<\/div>","protected":false},"excerpt":{"rendered":"<p>PAFF y su compromiso con la comunidad En PAFF (Primer Acto Florida Foundation) creemos que el arte es una herramienta poderosa de transformaci\u00f3n y encuentro. Por eso, trabajamos activamente con la comunidad a trav\u00e9s de acciones voluntarias, talleres gratuitos, proyecciones especiales y actividades inclusivas, acercando el teatro y el arte audiovisual a todos los p\u00fablicos. [&hellip;]<\/p>\n","protected":false},"author":1,"featured_media":0,"parent":15794,"menu_order":0,"comment_status":"closed","ping_status":"closed","template":"elementor_header_footer","meta":{"footnotes":""},"class_list":["post-16654","page","type-page","status-publish","hentry"],"_links":{"self":[{"href":"https:\/\/primeractoff.org\/en\/wp-json\/wp\/v2\/pages\/16654","targetHints":{"allow":["GET"]}}],"collection":[{"href":"https:\/\/primeractoff.org\/en\/wp-json\/wp\/v2\/pages"}],"about":[{"href":"https:\/\/primeractoff.org\/en\/wp-json\/wp\/v2\/types\/page"}],"author":[{"embeddable":true,"href":"https:\/\/primeractoff.org\/en\/wp-json\/wp\/v2\/users\/1"}],"replies":[{"embeddable":true,"href":"https:\/\/primeractoff.org\/en\/wp-json\/wp\/v2\/comments?post=16654"}],"version-history":[{"count":13,"href":"https:\/\/primeractoff.org\/en\/wp-json\/wp\/v2\/pages\/16654\/revisions"}],"predecessor-version":[{"id":17423,"href":"https:\/\/primeractoff.org\/en\/wp-json\/wp\/v2\/pages\/16654\/revisions\/17423"}],"up":[{"embeddable":true,"href":"https:\/\/primeractoff.org\/en\/wp-json\/wp\/v2\/pages\/15794"}],"wp:attachment":[{"href":"https:\/\/primeractoff.org\/en\/wp-json\/wp\/v2\/media?parent=16654"}],"curies":[{"name":"wp","href":"https:\/\/api.w.org\/{rel}","templated":true}]}}