{"id":17302,"date":"2026-01-29T17:15:41","date_gmt":"2026-01-29T16:15:41","guid":{"rendered":"https:\/\/primeractoff.org\/?page_id=17302"},"modified":"2026-01-29T17:19:56","modified_gmt":"2026-01-29T16:19:56","slug":"paff-vertical-shorts","status":"publish","type":"page","link":"https:\/\/primeractoff.org\/en\/paff-audiovisual\/paff-vertical-shorts\/","title":{"rendered":"PAFF Vertical Shorts"},"content":{"rendered":"<div data-elementor-type=\"wp-page\" data-elementor-id=\"17302\" class=\"elementor elementor-17302\">\n\t\t\t\t<div class=\"elementor-element elementor-element-f178b08 e-flex e-con-boxed e-con e-parent\" data-id=\"f178b08\" data-element_type=\"container\" data-e-type=\"container\" data-settings=\"{&quot;wcf_enable_cursor_hover_effect_text&quot;:&quot;View&quot;,&quot;wcf-animation&quot;:&quot;none&quot;}\">\n\t\t\t\t\t<div class=\"e-con-inner\">\n\t\t<div class=\"elementor-element elementor-element-1ff6f6f e-con-full e-flex e-con e-child\" data-id=\"1ff6f6f\" data-element_type=\"container\" data-e-type=\"container\" data-settings=\"{&quot;wcf_enable_cursor_hover_effect_text&quot;:&quot;View&quot;,&quot;wcf-animation&quot;:&quot;none&quot;}\">\n\t\t\t\t<div class=\"elementor-element elementor-element-dab6cc8 elementor-widget elementor-widget-image\" data-id=\"dab6cc8\" data-element_type=\"widget\" data-e-type=\"widget\" data-settings=\"{&quot;wcf-image-animation&quot;:&quot;none&quot;,&quot;wcf-animation&quot;:&quot;none&quot;}\" data-widget_type=\"image.default\">\n\t\t\t\t<div class=\"elementor-widget-container\">\n\t\t\t\t\t\t\t\t\t\t\t\t\t\t\t<img fetchpriority=\"high\" decoding=\"async\" width=\"900\" height=\"1600\" src=\"https:\/\/primeractoff.org\/wp-content\/uploads\/2026\/01\/LaNueva-.jpg\" class=\"attachment-full size-full wp-image-17308\" alt=\"\" srcset=\"https:\/\/primeractoff.org\/wp-content\/uploads\/2026\/01\/LaNueva-.jpg 900w, https:\/\/primeractoff.org\/wp-content\/uploads\/2026\/01\/LaNueva--169x300.jpg 169w, https:\/\/primeractoff.org\/wp-content\/uploads\/2026\/01\/LaNueva--576x1024.jpg 576w, https:\/\/primeractoff.org\/wp-content\/uploads\/2026\/01\/LaNueva--768x1365.jpg 768w, https:\/\/primeractoff.org\/wp-content\/uploads\/2026\/01\/LaNueva--864x1536.jpg 864w, https:\/\/primeractoff.org\/wp-content\/uploads\/2026\/01\/LaNueva--7x12.jpg 7w\" sizes=\"(max-width: 900px) 100vw, 900px\" \/>\t\t\t\t\t\t\t\t\t\t\t\t\t\t\t<\/div>\n\t\t\t\t<\/div>\n\t\t\t\t<div class=\"elementor-element elementor-element-dc2dc66 elementor-widget elementor-widget-image\" data-id=\"dc2dc66\" data-element_type=\"widget\" data-e-type=\"widget\" data-settings=\"{&quot;wcf-image-animation&quot;:&quot;none&quot;,&quot;wcf-animation&quot;:&quot;none&quot;}\" data-widget_type=\"image.default\">\n\t\t\t\t<div class=\"elementor-widget-container\">\n\t\t\t\t\t\t\t\t\t\t\t\t\t\t\t<img decoding=\"async\" width=\"900\" height=\"1600\" src=\"https:\/\/primeractoff.org\/wp-content\/uploads\/2026\/01\/La-nueva-2.jpg\" class=\"attachment-full size-full wp-image-17307\" alt=\"\" srcset=\"https:\/\/primeractoff.org\/wp-content\/uploads\/2026\/01\/La-nueva-2.jpg 900w, https:\/\/primeractoff.org\/wp-content\/uploads\/2026\/01\/La-nueva-2-169x300.jpg 169w, https:\/\/primeractoff.org\/wp-content\/uploads\/2026\/01\/La-nueva-2-576x1024.jpg 576w, https:\/\/primeractoff.org\/wp-content\/uploads\/2026\/01\/La-nueva-2-768x1365.jpg 768w, https:\/\/primeractoff.org\/wp-content\/uploads\/2026\/01\/La-nueva-2-864x1536.jpg 864w, https:\/\/primeractoff.org\/wp-content\/uploads\/2026\/01\/La-nueva-2-7x12.jpg 7w\" sizes=\"(max-width: 900px) 100vw, 900px\" \/>\t\t\t\t\t\t\t\t\t\t\t\t\t\t\t<\/div>\n\t\t\t\t<\/div>\n\t\t\t\t<\/div>\n\t\t<div class=\"elementor-element elementor-element-3475dd5 e-con-full e-flex e-con e-child\" data-id=\"3475dd5\" data-element_type=\"container\" data-e-type=\"container\" data-settings=\"{&quot;wcf_enable_cursor_hover_effect_text&quot;:&quot;View&quot;,&quot;wcf-animation&quot;:&quot;none&quot;}\">\n\t\t\t\t<div class=\"elementor-element elementor-element-1abda15 wcf-t-animation-text_move elementor-widget elementor-widget-wcf--title\" data-id=\"1abda15\" data-element_type=\"widget\" data-e-type=\"widget\" data-settings=\"{&quot;wcf_text_animation&quot;:&quot;text_move&quot;,&quot;text_transform_origin&quot;:&quot;top center -50&quot;,&quot;text_delay&quot;:0.15,&quot;text_duration&quot;:1,&quot;text_stagger&quot;:0.02,&quot;text_on_scroll&quot;:&quot;yes&quot;,&quot;text_rotation_di&quot;:&quot;x&quot;,&quot;text_rotation&quot;:&quot;-80&quot;,&quot;wcf-animation&quot;:&quot;none&quot;}\" data-widget_type=\"wcf--title.default\">\n\t\t\t\t<div class=\"elementor-widget-container\">\n\t\t\t\t\t<h2 class=\"wcf--title\">Synopsis<\/h2>\t\t\t\t<\/div>\n\t\t\t\t<\/div>\n\t\t\t\t<div class=\"elementor-element elementor-element-ac0e470 wcf-t-animation-text_move elementor-widget elementor-widget-wcf--title\" data-id=\"ac0e470\" data-element_type=\"widget\" data-e-type=\"widget\" data-settings=\"{&quot;wcf_text_animation&quot;:&quot;text_move&quot;,&quot;text_transform_origin&quot;:&quot;top center -50&quot;,&quot;text_delay&quot;:0.15,&quot;text_duration&quot;:1,&quot;text_stagger&quot;:0.02,&quot;text_on_scroll&quot;:&quot;yes&quot;,&quot;text_rotation_di&quot;:&quot;x&quot;,&quot;text_rotation&quot;:&quot;-80&quot;,&quot;wcf-animation&quot;:&quot;none&quot;}\" data-widget_type=\"wcf--title.default\">\n\t\t\t\t<div class=\"elementor-widget-container\">\n\t\t\t\t\t<h2 class=\"wcf--title\">La Nueva<\/h2>\t\t\t\t<\/div>\n\t\t\t\t<\/div>\n\t\t\t\t<div class=\"elementor-element elementor-element-145bf6e wcf-t-animation-text_move elementor-widget elementor-widget-wcf--text\" data-id=\"145bf6e\" data-element_type=\"widget\" data-e-type=\"widget\" data-settings=\"{&quot;wcf_text_animation&quot;:&quot;text_move&quot;,&quot;text_transform_origin&quot;:&quot;top center -50&quot;,&quot;text_delay&quot;:0.15,&quot;text_duration&quot;:1,&quot;text_stagger&quot;:0.02,&quot;text_on_scroll&quot;:&quot;yes&quot;,&quot;text_rotation_di&quot;:&quot;x&quot;,&quot;text_rotation&quot;:&quot;-80&quot;,&quot;wcf-animation&quot;:&quot;none&quot;}\" data-widget_type=\"wcf--text.default\">\n\t\t\t\t<div class=\"elementor-widget-container\">\n\t\t\t\t\t<div class=\"wcf--text\"><p>La Nueva es una novela vertical de 37 cap\u00edtulos, creada y producida por Primer Acto Florida Foundation (PAFF), desarrollada especialmente para plataformas digitales y pensada para el consumo en formato m\u00f3vil.<\/p><p>Ambientada en Miami, la serie retrata a un grupo de personajes atravesados por procesos de cambio, v\u00ednculos complejos y nuevas oportunidades. A trav\u00e9s de cap\u00edtulos breves y din\u00e1micos, La Nueva construye una narrativa cercana y contempor\u00e1nea que conecta con el pulso de la ciudad, su diversidad cultural y su identidad biling\u00fce.<\/p><p>La serie alcanz\u00f3 m\u00e1s de 200.000 visualizaciones en Instagram, y fue posteriormente publicada en el canal de YouTube de PAFF, donde continu\u00f3 ampliando su alcance y consolidando una audiencia interesada en contenidos independientes y de producci\u00f3n local. La respuesta del p\u00fablico fue altamente positiva, con gran nivel de interacci\u00f3n y aceptaci\u00f3n.<\/p><p>La Nueva cont\u00f3 con el apoyo de sponsors locales de Miami, quienes acompa\u00f1aron el proyecto y aportaron espacios reales que fueron utilizados como locaciones, fortaleciendo el v\u00ednculo entre la producci\u00f3n audiovisual y la comunidad. Este trabajo colaborativo permiti\u00f3 visibilizar emprendimientos locales y reforzar el compromiso de PAFF con el ecosistema cultural y creativo de la ciudad.<br \/>Este proyecto forma parte de la l\u00ednea audiovisual de PAFF, orientada a impulsar nuevos formatos narrativos, generar oportunidades para artistas locales y producir contenidos originales con identidad propia y alcance digital.<\/p><\/div>\t\t\t\t<\/div>\n\t\t\t\t<\/div>\n\t\t\t\t<div class=\"elementor-element elementor-element-159ed0a elementor-widget elementor-widget-html\" data-id=\"159ed0a\" data-element_type=\"widget\" data-e-type=\"widget\" data-settings=\"{&quot;wcf-animation&quot;:&quot;none&quot;}\" data-widget_type=\"html.default\">\n\t\t\t\t<div class=\"elementor-widget-container\">\n\t\t\t\t\t<iframe width=\"560\" height=\"315\" src=\"https:\/\/www.youtube.com\/embed\/videoseries?si=FRs3oLD9ZQEo9hQJ&amp;list=PLkAzaiWsos4falzp4bmmXKSz-R_nPa5q9\" title=\"YouTube video player\" frameborder=\"0\" allow=\"accelerometer; autoplay; clipboard-write; encrypted-media; gyroscope; picture-in-picture; web-share\" referrerpolicy=\"strict-origin-when-cross-origin\" allowfullscreen><\/iframe>\t\t\t\t<\/div>\n\t\t\t\t<\/div>\n\t\t\t\t<\/div>\n\t\t\t\t\t<\/div>\n\t\t\t\t<\/div>\n\t\t\t\t<\/div>","protected":false},"excerpt":{"rendered":"<p>SinopsisLa Nueva La Nueva es una novela vertical de 37 cap\u00edtulos, creada y producida por Primer Acto Florida Foundation (PAFF), desarrollada especialmente para plataformas digitales y pensada para el consumo en formato m\u00f3vil. Ambientada en Miami, la serie retrata a un grupo de personajes atravesados por procesos de cambio, v\u00ednculos complejos y nuevas oportunidades. A [&hellip;]<\/p>\n","protected":false},"author":1,"featured_media":0,"parent":15231,"menu_order":0,"comment_status":"closed","ping_status":"closed","template":"elementor_header_footer","meta":{"footnotes":""},"class_list":["post-17302","page","type-page","status-publish","hentry"],"_links":{"self":[{"href":"https:\/\/primeractoff.org\/en\/wp-json\/wp\/v2\/pages\/17302","targetHints":{"allow":["GET"]}}],"collection":[{"href":"https:\/\/primeractoff.org\/en\/wp-json\/wp\/v2\/pages"}],"about":[{"href":"https:\/\/primeractoff.org\/en\/wp-json\/wp\/v2\/types\/page"}],"author":[{"embeddable":true,"href":"https:\/\/primeractoff.org\/en\/wp-json\/wp\/v2\/users\/1"}],"replies":[{"embeddable":true,"href":"https:\/\/primeractoff.org\/en\/wp-json\/wp\/v2\/comments?post=17302"}],"version-history":[{"count":4,"href":"https:\/\/primeractoff.org\/en\/wp-json\/wp\/v2\/pages\/17302\/revisions"}],"predecessor-version":[{"id":17311,"href":"https:\/\/primeractoff.org\/en\/wp-json\/wp\/v2\/pages\/17302\/revisions\/17311"}],"up":[{"embeddable":true,"href":"https:\/\/primeractoff.org\/en\/wp-json\/wp\/v2\/pages\/15231"}],"wp:attachment":[{"href":"https:\/\/primeractoff.org\/en\/wp-json\/wp\/v2\/media?parent=17302"}],"curies":[{"name":"wp","href":"https:\/\/api.w.org\/{rel}","templated":true}]}}